{"id":2035,"date":"2025-02-28T11:46:45","date_gmt":"2025-02-28T10:46:45","guid":{"rendered":"https:\/\/reboot-transmissions.com\/tools\/banners-collages\/"},"modified":"2026-01-30T18:33:55","modified_gmt":"2026-01-30T17:33:55","slug":"banners-collages","status":"publish","type":"page","link":"https:\/\/reboot-transmissions.com\/en\/tools\/banners-collages\/","title":{"rendered":"Banners \/ Collages"},"content":{"rendered":"<p>[et_pb_section fb_built=&#8221;1&#8243; custom_padding_last_edited=&#8221;on|phone&#8221; _builder_version=&#8221;4.27.4&#8243; _module_preset=&#8221;default&#8221; custom_padding=&#8221;100px|0px|0px|0px|false|true&#8221; custom_padding_tablet=&#8221;70px|20px||20px|false|true&#8221; custom_padding_phone=&#8221;70px|20px||20px|false|true&#8221; global_colors_info=&#8221;{}&#8221;][et_pb_row _builder_version=&#8221;4.27.4&#8243; _module_preset=&#8221;d54cf344-6171-4d2f-9b28-becf0230af70&#8243; custom_padding=&#8221;0px|0px|50px|0px|false|true&#8221; global_colors_info=&#8221;{}&#8221;][et_pb_column type=&#8221;4_4&#8243; _builder_version=&#8221;4.27.4&#8243; _module_preset=&#8221;default&#8221; global_colors_info=&#8221;{}&#8221;][et_pb_text _builder_version=&#8221;4.27.4&#8243; _module_preset=&#8221;default&#8221; global_colors_info=&#8221;{}&#8221;]<\/p>\n<h2>Banners \/ Collages<\/h2>\n<p>[\/et_pb_text][\/et_pb_column][\/et_pb_row][et_pb_row column_structure=&#8221;1_3,1_3,1_3&#8243; _builder_version=&#8221;4.27.4&#8243; _module_preset=&#8221;default&#8221; background_color=&#8221;gcid-469e3ecd-f875-47d6-b28f-2a998d4206ce&#8221; background_pattern_repeat_origin=&#8221;center&#8221; custom_margin=&#8221;||100px||false|false&#8221; custom_margin_tablet=&#8221;||70px||false|false&#8221; custom_margin_phone=&#8221;||70px||false|false&#8221; custom_margin_last_edited=&#8221;on|desktop&#8221; custom_padding=&#8221;50px|50px|30px|50px|false|true&#8221; custom_padding_tablet=&#8221;30px||30px||true|false&#8221; custom_padding_phone=&#8221;30px||30px||true|false&#8221; border_radii=&#8221;on|10px|10px|10px|10px&#8221; locked=&#8221;off&#8221; global_colors_info=&#8221;{%22gcid-469e3ecd-f875-47d6-b28f-2a998d4206ce%22:%91%22background_color%22%93}&#8221;][et_pb_column type=&#8221;1_3&#8243; _builder_version=&#8221;4.27.4&#8243; _module_preset=&#8221;default&#8221; global_colors_info=&#8221;{}&#8221;][et_pb_text _builder_version=&#8221;4.27.4&#8243; _module_preset=&#8221;default&#8221; header_2_font=&#8221;|700|||||||&#8221; header_2_font_size=&#8221;16px&#8221; global_colors_info=&#8221;{}&#8221;]<\/p>\n<h2>Who<\/h2>\n<p>All participants, divided into groups of 3 to 5 people<\/p>\n<h2>Source et inspiration<\/h2>\n<p>This exercise is inspired by \u201cpopular\u201d artistic and activist practices that combine text and image. Banners and collages both come from practices often used by marginalized groups, making use of materials that are inexpensive and easily accessible.[\/et_pb_text][\/et_pb_column][et_pb_column type=&#8221;1_3&#8243; _builder_version=&#8221;4.27.4&#8243; _module_preset=&#8221;default&#8221; global_colors_info=&#8221;{}&#8221;][et_pb_text _builder_version=&#8221;4.27.4&#8243; _module_preset=&#8221;default&#8221; header_2_font=&#8221;|700|||||||&#8221; header_2_font_size=&#8221;16px&#8221; global_colors_info=&#8221;{}&#8221;]<\/p>\n<h2>Where<\/h2>\n<p>A clear open space<\/p>\n<h2>DURATION<\/h2>\n<p>At least 30 minutes for the construction<\/p>\n<h2>MATERIALS<\/h2>\n<p>Recycled or repurposed fabric, scissors, glue, scrap paper, images, stickers, glitter, tape, markers, etc.[\/et_pb_text][\/et_pb_column][et_pb_column type=&#8221;1_3&#8243; _builder_version=&#8221;4.27.4&#8243; _module_preset=&#8221;default&#8221; global_colors_info=&#8221;{}&#8221;][et_pb_image src=&#8221;https:\/\/reboot-transmissions.com\/wp-content\/uploads\/06.Banderoles-collages.png&#8221; title_text=&#8221;06.Picto_Outils_NoirBlanc&#8221; show_in_lightbox=&#8221;on&#8221; _builder_version=&#8221;4.27.4&#8243; _module_preset=&#8221;default&#8221; width=&#8221;70%&#8221; module_alignment=&#8221;center&#8221; hover_enabled=&#8221;0&#8243; hover_image_src=&#8221;https:\/\/reboot-transmissions.com\/wp-content\/uploads\/2025\/02\/06.Picto_Outils_NoirBlanc.png&#8221; global_colors_info=&#8221;{}&#8221; sticky_enabled=&#8221;0&#8243;][\/et_pb_image][\/et_pb_column][\/et_pb_row][et_pb_row column_structure=&#8221;2_3,1_3&#8243; _builder_version=&#8221;4.27.4&#8243; _module_preset=&#8221;default&#8221; global_colors_info=&#8221;{}&#8221;][et_pb_column type=&#8221;2_3&#8243; _builder_version=&#8221;4.27.4&#8243; _module_preset=&#8221;default&#8221; global_colors_info=&#8221;{}&#8221;][et_pb_text _builder_version=&#8221;4.27.4&#8243; _module_preset=&#8221;default&#8221; header_2_font=&#8221;|700|||||||&#8221; header_2_font_size=&#8221;16px&#8221; global_colors_info=&#8221;{}&#8221;]<\/p>\n<h2>EXERCISE DESCRIPTION<\/h2>\n<p>Banners and collages allow participants to give visual form to the collective thoughts and analysis that have emerged during a creative laboratory or workshop (i.e. through readings, images, debates). The banners and collages can be a first step in a path to collective action or consciousness raising. Each group is invited to choose a format (paper or fabric) and to fill it, shape it, draw on it, or (re)compose it, so as to (re)create a narrative using visual elements along with words, letters, cut-out images, shapes, patterns, textures, colors, etc. Each story is unique, sensitive, and communicates a different perspective. Activist posters, flyers, screen prints, and political graphics can all serve as resources and inspiration. It\u2019s also possible to form an image bank of printed visuals related to the themes discussed. [\/et_pb_text][\/et_pb_column][et_pb_column type=&#8221;1_3&#8243; _builder_version=&#8221;4.27.4&#8243; _module_preset=&#8221;default&#8221; global_colors_info=&#8221;{}&#8221;][\/et_pb_column][\/et_pb_row][et_pb_row column_structure=&#8221;1_3,2_3&#8243; _builder_version=&#8221;4.27.4&#8243; _module_preset=&#8221;default&#8221; global_colors_info=&#8221;{}&#8221;][et_pb_column type=&#8221;1_3&#8243; _builder_version=&#8221;4.27.4&#8243; _module_preset=&#8221;default&#8221; global_colors_info=&#8221;{}&#8221;][\/et_pb_column][et_pb_column type=&#8221;2_3&#8243; _builder_version=&#8221;4.27.4&#8243; _module_preset=&#8221;default&#8221; global_colors_info=&#8221;{}&#8221;][et_pb_text _builder_version=&#8221;4.27.4&#8243; _module_preset=&#8221;default&#8221; header_2_font=&#8221;|700|||||||&#8221; header_2_font_size=&#8221;16px&#8221; global_colors_info=&#8221;{}&#8221;]<\/p>\n<h2>TAKING IT FURTHER<\/h2>\n<p>The banners, usually made of fabric, are designed to take up space and are thus larger than the collages, i.e. two meters by one meter, carried at arm\u2019s length. The banners serve to question the ways narratives circulate in shared or \u201cpublic\u201d spaces. Once the banners and\/or collages are completed, it\u2019s possible to use them in a performative procession. <\/p>\n<p> \u2013\u2013\u2013<\/p>\n<p>Philippe Arti\u00e8re, <em>La banderole.<\/em> <em>Histoire d\u2019un objet politique<\/em>, \u00e9ditions Autrement, 2020<\/p>\n<p><em>Protext. When fabric becomes a manifesto <\/em>(catalogue d\u2019exposition), Nero, 2021.<\/p>\n<p>\u00c9lise Olmedo, <em>Cartographie sensible. Tracer une g\u00e9ographie du v\u00e9cu par la recherche-cr\u00e9ation<\/em>. Th\u00e8se de doctorat en g\u00e9ographie, Universit\u00e9 Paris 1, 2015. <\/p>\n<p>John Gorman, B<em>anner Bright: an Illustrated History of the Banners of the British Trade Union Movement<\/em>, Londres, Scorpion Publishing Ltd, 1986<\/p>\n<p>Lotte Johnson; Amanda Pinath (ed.),<em>Unravel: The Power and Politics of Textiles in Art<\/em>, Prestel, 2024<\/p>\n<p><em>Multiplicity: Blackness in Contemporary American Collage, <\/em>(catalogue d\u2019exposition), Marquand Books<em>, <\/em>Yale University Press<em>, 2023<\/em><\/p>\n<p>Manon Labry, <em>Riot Grrrls. Chronique d&#8217;une r\u00e9volution punk f\u00e9ministe,<\/em> La D\u00e9couverte, 2016<\/p>\n<p><a href=\"https:\/\/cahiercentral.com\/en\/products\/see-red-womens-workshop-feminist-posters-1974-1990?srsltid=AfmBOoqTmsMEw-F_C0IVMimhAZTiO1O8M3S9_rzx5A4Arum9yDE-E-Zc\">See Red &#8211; Women&#8217;s Workshop &#8211; Feminist Posters 1974-1990<\/a>, Four Corners Books, 2016<\/p>\n<p>[\/et_pb_text][\/et_pb_column][\/et_pb_row][et_pb_row _builder_version=&#8221;4.27.4&#8243; _module_preset=&#8221;default&#8221; global_colors_info=&#8221;{}&#8221;][et_pb_column type=&#8221;4_4&#8243; _builder_version=&#8221;4.27.4&#8243; _module_preset=&#8221;default&#8221; global_colors_info=&#8221;{}&#8221;][et_pb_button button_url=&#8221;@ET-DC@eyJkeW5hbWljIjp0cnVlLCJjb250ZW50IjoicG9zdF9saW5rX3VybF9wYWdlIiwic2V0dGluZ3MiOnsicG9zdF9pZCI6IjIyIn19@&#8221; button_text=&#8221;back to tools&#8221; button_alignment=&#8221;center&#8221; _builder_version=&#8221;4.27.4&#8243; _dynamic_attributes=&#8221;button_url&#8221; _module_preset=&#8221;_initial&#8221; button_bg_color=&#8221;gcid-a85c521b-81cc-43c2-8b4a-855eccd11052&#8243; global_colors_info=&#8221;{%22gcid-7a44a981-21ef-49b5-9516-d2766424169d%22:%91%22button_text_color%22,%22button_text_color%22%93,%22gcid-469e3ecd-f875-47d6-b28f-2a998d4206ce%22:%91%22button_bg_color__hover%22,%22button_bg_color__hover%22%93,%22gcid-a85c521b-81cc-43c2-8b4a-855eccd11052%22:%91%22button_bg_color%22%93}&#8221;][\/et_pb_button][\/et_pb_column][\/et_pb_row][\/et_pb_section]<\/p>\n","protected":false},"excerpt":{"rendered":"<p>Banners \/ CollagesWho All participants, divided into groups of 3 to 5 people Source et inspiration This exercise is inspired by \u201cpopular\u201d artistic and activist practices that combine text and image. Banners and collages both come from practices often used by marginalized groups, making use of materials that are inexpensive and easily accessible.Where A clear open space DURATION At least 30 minutes for the construction MATERIALS Recycled or repurposed fabric, scissors, glue, scrap paper, images, stickers, glitter, tape, markers, etc.EXERCISE DESCRIPTION Banners and collages allow participants to give visual form to the collective thoughts and analysis that have emerged during a creative laboratory or workshop (i.e. through readings, images, debates). The banners and collages can be a first step in a path to collective action or consciousness raising. Each group is invited to choose a format (paper or fabric) and to fill it, shape it, draw on it, or (re)compose it, so as to (re)create a narrative using visual elements along with words, letters, cut-out images, shapes, patterns, textures, colors, etc. Each story is unique, sensitive, and communicates a different perspective. Activist posters, flyers, screen prints, and political graphics can all serve as resources and inspiration. It\u2019s also possible to [&hellip;]<\/p>\n","protected":false},"author":1,"featured_media":2034,"parent":1967,"menu_order":0,"comment_status":"closed","ping_status":"closed","template":"","meta":{"_seopress_robots_primary_cat":"","_seopress_titles_title":"","_seopress_titles_desc":"","_seopress_robots_index":"","_et_pb_use_builder":"on","_et_pb_old_content":"","_et_gb_content_width":"","footnotes":""},"class_list":["post-2035","page","type-page","status-publish","has-post-thumbnail","hentry"],"_links":{"self":[{"href":"https:\/\/reboot-transmissions.com\/en\/wp-json\/wp\/v2\/pages\/2035","targetHints":{"allow":["GET"]}}],"collection":[{"href":"https:\/\/reboot-transmissions.com\/en\/wp-json\/wp\/v2\/pages"}],"about":[{"href":"https:\/\/reboot-transmissions.com\/en\/wp-json\/wp\/v2\/types\/page"}],"author":[{"embeddable":true,"href":"https:\/\/reboot-transmissions.com\/en\/wp-json\/wp\/v2\/users\/1"}],"replies":[{"embeddable":true,"href":"https:\/\/reboot-transmissions.com\/en\/wp-json\/wp\/v2\/comments?post=2035"}],"version-history":[{"count":0,"href":"https:\/\/reboot-transmissions.com\/en\/wp-json\/wp\/v2\/pages\/2035\/revisions"}],"up":[{"embeddable":true,"href":"https:\/\/reboot-transmissions.com\/en\/wp-json\/wp\/v2\/pages\/1967"}],"wp:featuredmedia":[{"embeddable":true,"href":"https:\/\/reboot-transmissions.com\/en\/wp-json\/wp\/v2\/media\/2034"}],"wp:attachment":[{"href":"https:\/\/reboot-transmissions.com\/en\/wp-json\/wp\/v2\/media?parent=2035"}],"curies":[{"name":"wp","href":"https:\/\/api.w.org\/{rel}","templated":true}]}}