{"id":2042,"date":"2025-02-28T11:38:54","date_gmt":"2025-02-28T10:38:54","guid":{"rendered":"https:\/\/reboot-transmissions.com\/tools\/self-portrait\/"},"modified":"2026-01-30T18:33:55","modified_gmt":"2026-01-30T17:33:55","slug":"self-portrait","status":"publish","type":"page","link":"https:\/\/reboot-transmissions.com\/en\/tools\/self-portrait\/","title":{"rendered":"Self-portrait"},"content":{"rendered":"<p>[et_pb_section fb_built=&#8221;1&#8243; custom_padding_last_edited=&#8221;on|phone&#8221; _builder_version=&#8221;4.27.4&#8243; _module_preset=&#8221;default&#8221; custom_padding=&#8221;100px|0px|0px|0px|false|true&#8221; custom_padding_tablet=&#8221;70px|20px||20px|false|true&#8221; custom_padding_phone=&#8221;70px|20px||20px|false|true&#8221; global_colors_info=&#8221;{}&#8221;][et_pb_row _builder_version=&#8221;4.27.4&#8243; _module_preset=&#8221;d54cf344-6171-4d2f-9b28-becf0230af70&#8243; custom_padding=&#8221;0px|0px|50px|0px|false|true&#8221; global_colors_info=&#8221;{}&#8221;][et_pb_column type=&#8221;4_4&#8243; _builder_version=&#8221;4.27.4&#8243; _module_preset=&#8221;default&#8221; global_colors_info=&#8221;{}&#8221;][et_pb_text _builder_version=&#8221;4.27.4&#8243; _module_preset=&#8221;default&#8221; global_colors_info=&#8221;{}&#8221;]<\/p>\n<h2>Self-portrait<\/h2>\n<p>[\/et_pb_text][\/et_pb_column][\/et_pb_row][et_pb_row column_structure=&#8221;1_3,1_3,1_3&#8243; _builder_version=&#8221;4.27.4&#8243; _module_preset=&#8221;default&#8221; background_color=&#8221;gcid-469e3ecd-f875-47d6-b28f-2a998d4206ce&#8221; background_pattern_repeat_origin=&#8221;center&#8221; custom_margin=&#8221;||100px||false|false&#8221; custom_margin_tablet=&#8221;||70px||false|false&#8221; custom_margin_phone=&#8221;||70px||false|false&#8221; custom_margin_last_edited=&#8221;on|desktop&#8221; custom_padding=&#8221;50px|50px|30px|50px|false|true&#8221; custom_padding_tablet=&#8221;30px||30px||true|false&#8221; custom_padding_phone=&#8221;30px||30px||true|false&#8221; border_radii=&#8221;on|10px|10px|10px|10px&#8221; locked=&#8221;off&#8221; global_colors_info=&#8221;{%22gcid-469e3ecd-f875-47d6-b28f-2a998d4206ce%22:%91%22background_color%22%93}&#8221;][et_pb_column type=&#8221;1_3&#8243; _builder_version=&#8221;4.27.4&#8243; _module_preset=&#8221;default&#8221; global_colors_info=&#8221;{}&#8221;][et_pb_text _builder_version=&#8221;4.27.4&#8243; _module_preset=&#8221;default&#8221; header_2_font=&#8221;|700|||||||&#8221; header_2_font_size=&#8221;16px&#8221; global_colors_info=&#8221;{}&#8221;]<\/p>\n<h2>Who<\/h2>\n<p>25 participants maximum <\/p>\n<h2>Source et inspiration<\/h2>\n<p>Cet exercice s\u2019inspire d\u2019une activit\u00e9 propos\u00e9e par Javi Amigo et Elena Umlauf de Malabaracirco (ES) dans le cadre du projet Ax\u00e9 Cirque<\/p>\n<h2>Where<\/h2>\n<p>This exercise is inspired by an activity proposed by Javi Amigo and Elena Umlauf de Malabaracirco (ES) as part of the Ax\u00e9 Cirque project<\/p>\n<p>[\/et_pb_text][\/et_pb_column][et_pb_column type=&#8221;1_3&#8243; _builder_version=&#8221;4.27.4&#8243; _module_preset=&#8221;default&#8221; global_colors_info=&#8221;{}&#8221;][et_pb_text _builder_version=&#8221;4.27.4&#8243; _module_preset=&#8221;default&#8221; header_2_font=&#8221;|700|||||||&#8221; header_2_font_size=&#8221;16px&#8221; global_colors_info=&#8221;{}&#8221;]<\/p>\n<h2>DURATION<\/h2>\n<p>10 &#8211; 15 minutes<\/p>\n<h2>MATERIALS<\/h2>\n<p>One sheet of paper and one pen (per participant). Music is optional. <\/p>\n<p>[\/et_pb_text][\/et_pb_column][et_pb_column type=&#8221;1_3&#8243; _builder_version=&#8221;4.27.4&#8243; _module_preset=&#8221;default&#8221; global_colors_info=&#8221;{}&#8221;][et_pb_image src=&#8221;https:\/\/reboot-transmissions.com\/wp-content\/uploads\/10.Autoportrait-boule-de-neige.png&#8221; title_text=&#8221;10.Picto_Outils_NoirBlanc&#8221; show_in_lightbox=&#8221;on&#8221; _builder_version=&#8221;4.27.4&#8243; _module_preset=&#8221;default&#8221; width=&#8221;70%&#8221; module_alignment=&#8221;center&#8221; hover_image_src=&#8221;https:\/\/reboot-transmissions.com\/wp-content\/uploads\/2025\/02\/10.Picto_Outils_NoirBlanc.png&#8221; global_colors_info=&#8221;{}&#8221;][\/et_pb_image][\/et_pb_column][\/et_pb_row][et_pb_row column_structure=&#8221;2_3,1_3&#8243; _builder_version=&#8221;4.27.4&#8243; _module_preset=&#8221;default&#8221; global_colors_info=&#8221;{}&#8221;][et_pb_column type=&#8221;2_3&#8243; _builder_version=&#8221;4.27.4&#8243; _module_preset=&#8221;default&#8221; global_colors_info=&#8221;{}&#8221;][et_pb_text _builder_version=&#8221;4.27.4&#8243; _module_preset=&#8221;default&#8221; header_2_font=&#8221;|700|||||||&#8221; header_2_font_size=&#8221;16px&#8221; global_colors_info=&#8221;{}&#8221;]<\/p>\n<h2>EXERCISE DESCRIPTION<\/h2>\n<p>Each participant receives a sheet of paper and a pen. Individually, and without showing anyone else, each person draws a self-portrait, highlighting a physical feature they appreciate in themselves (such as a beauty mark, hairstyle, scar, piece of jewelry, etc.). Once the drawings are finished, each person crumples their drawing into a paper ball. If using music, the music begins, and the group has a short \u201csnowball fight\u201d with the paper balls. At the end of the battle each person picks up a paper ball, opens it, and discovers a self-portrait. Whispering, each person must guess who their self-portrait belongs to, and then return it to its author. When each person has gotten their own drawing back, the group forms a circle. Each person introduces themself by sharing their name, pronouns, and explaining why they chose to highlight that specific feature in their self-portrait. To conclude the exercise, all the portraits can be displayed so as to create a small \u201cmuseum exhibit.\u201d[\/et_pb_text][\/et_pb_column][et_pb_column type=&#8221;1_3&#8243; _builder_version=&#8221;4.27.4&#8243; _module_preset=&#8221;default&#8221; global_colors_info=&#8221;{}&#8221;][\/et_pb_column][\/et_pb_row][et_pb_row column_structure=&#8221;1_3,2_3&#8243; _builder_version=&#8221;4.27.4&#8243; _module_preset=&#8221;default&#8221; global_colors_info=&#8221;{}&#8221;][et_pb_column type=&#8221;1_3&#8243; _builder_version=&#8221;4.27.4&#8243; _module_preset=&#8221;default&#8221; global_colors_info=&#8221;{}&#8221;][\/et_pb_column][et_pb_column type=&#8221;2_3&#8243; _builder_version=&#8221;4.27.4&#8243; _module_preset=&#8221;default&#8221; global_colors_info=&#8221;{}&#8221;][et_pb_text _builder_version=&#8221;4.27.4&#8243; _module_preset=&#8221;default&#8221; header_2_font=&#8221;|700|||||||&#8221; header_2_font_size=&#8221;16px&#8221; global_colors_info=&#8221;{}&#8221;]<\/p>\n<h2>TAKING IT FURTHER<\/h2>\n<p>Instead of self-portraits, it\u2019s possible to write a \u201csecret\u201d or a fun fact about oneself on the paper that will then be used as the snowball. The participants must then guess who each secret belongs to. <\/p>\n<p>[\/et_pb_text][\/et_pb_column][\/et_pb_row][et_pb_row _builder_version=&#8221;4.27.4&#8243; _module_preset=&#8221;default&#8221; global_colors_info=&#8221;{}&#8221;][et_pb_column type=&#8221;4_4&#8243; _builder_version=&#8221;4.27.4&#8243; _module_preset=&#8221;default&#8221; global_colors_info=&#8221;{}&#8221;][et_pb_button button_url=&#8221;@ET-DC@eyJkeW5hbWljIjp0cnVlLCJjb250ZW50IjoicG9zdF9saW5rX3VybF9wYWdlIiwic2V0dGluZ3MiOnsicG9zdF9pZCI6IjIyIn19@&#8221; button_text=&#8221;back to tools&#8221; button_alignment=&#8221;center&#8221; _builder_version=&#8221;4.27.4&#8243; _dynamic_attributes=&#8221;button_url&#8221; _module_preset=&#8221;_initial&#8221; button_bg_color=&#8221;gcid-a85c521b-81cc-43c2-8b4a-855eccd11052&#8243; hover_enabled=&#8221;0&#8243; global_colors_info=&#8221;{%22gcid-7a44a981-21ef-49b5-9516-d2766424169d%22:%91%22button_text_color%22,%22button_text_color%22%93,%22gcid-469e3ecd-f875-47d6-b28f-2a998d4206ce%22:%91%22button_bg_color__hover%22,%22button_bg_color__hover%22%93,%22gcid-a85c521b-81cc-43c2-8b4a-855eccd11052%22:%91%22button_bg_color%22%93}&#8221; sticky_enabled=&#8221;0&#8243;][\/et_pb_button][\/et_pb_column][\/et_pb_row][\/et_pb_section]<\/p>\n","protected":false},"excerpt":{"rendered":"<p>Self-portraitWho 25 participants maximum Source et inspiration Cet exercice s\u2019inspire d\u2019une activit\u00e9 propos\u00e9e par Javi Amigo et Elena Umlauf de Malabaracirco (ES) dans le cadre du projet Ax\u00e9 Cirque Where This exercise is inspired by an activity proposed by Javi Amigo and Elena Umlauf de Malabaracirco (ES) as part of the Ax\u00e9 Cirque projectDURATION 10 &#8211; 15 minutes MATERIALS One sheet of paper and one pen (per participant). Music is optional. EXERCISE DESCRIPTION Each participant receives a sheet of paper and a pen. Individually, and without showing anyone else, each person draws a self-portrait, highlighting a physical feature they appreciate in themselves (such as a beauty mark, hairstyle, scar, piece of jewelry, etc.). Once the drawings are finished, each person crumples their drawing into a paper ball. If using music, the music begins, and the group has a short \u201csnowball fight\u201d with the paper balls. At the end of the battle each person picks up a paper ball, opens it, and discovers a self-portrait. Whispering, each person must guess who their self-portrait belongs to, and then return it to its author. When each person has gotten their own drawing back, the group forms a circle. Each person introduces themself by [&hellip;]<\/p>\n","protected":false},"author":1,"featured_media":2033,"parent":1967,"menu_order":0,"comment_status":"closed","ping_status":"closed","template":"","meta":{"_seopress_robots_primary_cat":"","_seopress_titles_title":"","_seopress_titles_desc":"","_seopress_robots_index":"","_et_pb_use_builder":"on","_et_pb_old_content":"","_et_gb_content_width":"","footnotes":""},"class_list":["post-2042","page","type-page","status-publish","has-post-thumbnail","hentry"],"_links":{"self":[{"href":"https:\/\/reboot-transmissions.com\/en\/wp-json\/wp\/v2\/pages\/2042","targetHints":{"allow":["GET"]}}],"collection":[{"href":"https:\/\/reboot-transmissions.com\/en\/wp-json\/wp\/v2\/pages"}],"about":[{"href":"https:\/\/reboot-transmissions.com\/en\/wp-json\/wp\/v2\/types\/page"}],"author":[{"embeddable":true,"href":"https:\/\/reboot-transmissions.com\/en\/wp-json\/wp\/v2\/users\/1"}],"replies":[{"embeddable":true,"href":"https:\/\/reboot-transmissions.com\/en\/wp-json\/wp\/v2\/comments?post=2042"}],"version-history":[{"count":0,"href":"https:\/\/reboot-transmissions.com\/en\/wp-json\/wp\/v2\/pages\/2042\/revisions"}],"up":[{"embeddable":true,"href":"https:\/\/reboot-transmissions.com\/en\/wp-json\/wp\/v2\/pages\/1967"}],"wp:featuredmedia":[{"embeddable":true,"href":"https:\/\/reboot-transmissions.com\/en\/wp-json\/wp\/v2\/media\/2033"}],"wp:attachment":[{"href":"https:\/\/reboot-transmissions.com\/en\/wp-json\/wp\/v2\/media?parent=2042"}],"curies":[{"name":"wp","href":"https:\/\/api.w.org\/{rel}","templated":true}]}}