{"id":2152,"date":"2025-03-10T20:43:10","date_gmt":"2025-03-10T19:43:10","guid":{"rendered":"https:\/\/reboot-transmissions.com\/tools\/affinity-groups\/"},"modified":"2026-01-30T20:25:16","modified_gmt":"2026-01-30T19:25:16","slug":"affinity-groups","status":"publish","type":"page","link":"https:\/\/reboot-transmissions.com\/en\/tools\/affinity-groups\/","title":{"rendered":"Affinity groups"},"content":{"rendered":"<p>[et_pb_section fb_built=&#8221;1&#8243; custom_padding_last_edited=&#8221;on|phone&#8221; _builder_version=&#8221;4.27.4&#8243; _module_preset=&#8221;default&#8221; custom_padding=&#8221;100px|0px|0px|0px|false|true&#8221; custom_padding_tablet=&#8221;70px|20px||20px|false|true&#8221; custom_padding_phone=&#8221;70px|20px||20px|false|true&#8221; global_colors_info=&#8221;{}&#8221;][et_pb_row _builder_version=&#8221;4.27.4&#8243; _module_preset=&#8221;d54cf344-6171-4d2f-9b28-becf0230af70&#8243; custom_padding=&#8221;0px|0px|50px|0px|false|true&#8221; global_colors_info=&#8221;{}&#8221;][et_pb_column type=&#8221;4_4&#8243; _builder_version=&#8221;4.27.4&#8243; _module_preset=&#8221;default&#8221; global_colors_info=&#8221;{}&#8221;][et_pb_text _builder_version=&#8221;4.27.4&#8243; _module_preset=&#8221;default&#8221; hover_enabled=&#8221;0&#8243; global_colors_info=&#8221;{}&#8221; sticky_enabled=&#8221;0&#8243;]<\/p>\n<h1>Affinity groups<\/h1>\n<p>[\/et_pb_text][\/et_pb_column][\/et_pb_row][et_pb_row column_structure=&#8221;1_3,1_3,1_3&#8243; _builder_version=&#8221;4.27.4&#8243; _module_preset=&#8221;default&#8221; background_color=&#8221;gcid-469e3ecd-f875-47d6-b28f-2a998d4206ce&#8221; background_pattern_repeat_origin=&#8221;center&#8221; custom_margin=&#8221;||100px||false|false&#8221; custom_margin_tablet=&#8221;||70px||false|false&#8221; custom_margin_phone=&#8221;||70px||false|false&#8221; custom_margin_last_edited=&#8221;on|desktop&#8221; custom_padding=&#8221;50px|50px|30px|50px|false|true&#8221; custom_padding_tablet=&#8221;30px||30px||true|false&#8221; custom_padding_phone=&#8221;30px||30px||true|false&#8221; border_radii=&#8221;on|10px|10px|10px|10px&#8221; locked=&#8221;off&#8221; global_colors_info=&#8221;{%22gcid-469e3ecd-f875-47d6-b28f-2a998d4206ce%22:%91%22background_color%22%93}&#8221;][et_pb_column type=&#8221;1_3&#8243; _builder_version=&#8221;4.27.4&#8243; _module_preset=&#8221;default&#8221; global_colors_info=&#8221;{}&#8221;][et_pb_text _builder_version=&#8221;4.27.4&#8243; _module_preset=&#8221;default&#8221; header_2_font=&#8221;|700|||||||&#8221; header_2_font_size=&#8221;16px&#8221; hover_enabled=&#8221;0&#8243; global_colors_info=&#8221;{}&#8221; sticky_enabled=&#8221;0&#8243;]<\/p>\n<h2>Who<\/h2>\n<p>10 people minimum<\/p>\n<h2>Source et inspiration<\/h2>\n<p>Inspired by Ice breaking games<\/p>\n<h2>Where<\/h2>\n<p>A clear open space<\/p>\n<p>[\/et_pb_text][\/et_pb_column][et_pb_column type=&#8221;1_3&#8243; _builder_version=&#8221;4.27.4&#8243; _module_preset=&#8221;default&#8221; global_colors_info=&#8221;{}&#8221;][et_pb_text _builder_version=&#8221;4.27.4&#8243; _module_preset=&#8221;default&#8221; header_2_font=&#8221;|700|||||||&#8221; header_2_font_size=&#8221;16px&#8221; hover_enabled=&#8221;0&#8243; global_colors_info=&#8221;{}&#8221; sticky_enabled=&#8221;0&#8243;]<\/p>\n<h2>DURATION<\/h2>\n<p>10 minutes<\/p>\n<h2>MATERIALS<\/h2>\n<p>Music<\/p>\n<p>[\/et_pb_text][\/et_pb_column][et_pb_column type=&#8221;1_3&#8243; _builder_version=&#8221;4.27.4&#8243; _module_preset=&#8221;default&#8221; global_colors_info=&#8221;{}&#8221;][et_pb_image title_text=&#8221;12.Picto_Outils_NoirBlanc&#8221; show_in_lightbox=&#8221;on&#8221; _builder_version=&#8221;4.27.4&#8243; _module_preset=&#8221;default&#8221; width=&#8221;70%&#8221; module_alignment=&#8221;center&#8221; hover_enabled=&#8221;0&#8243; hover_image_src=&#8221;https:\/\/reboot-transmissions.com\/wp-content\/uploads\/2025\/02\/12.Picto_Outils_NoirBlanc.png&#8221; global_colors_info=&#8221;{}&#8221; src=&#8221;https:\/\/reboot-transmissions.com\/wp-content\/uploads\/12.Les-groupes-affinitaires.png&#8221; sticky_enabled=&#8221;0&#8243;][\/et_pb_image][\/et_pb_column][\/et_pb_row][et_pb_row column_structure=&#8221;2_3,1_3&#8243; _builder_version=&#8221;4.27.4&#8243; _module_preset=&#8221;default&#8221; global_colors_info=&#8221;{}&#8221;][et_pb_column type=&#8221;2_3&#8243; _builder_version=&#8221;4.27.4&#8243; _module_preset=&#8221;default&#8221; global_colors_info=&#8221;{}&#8221;][et_pb_text _builder_version=&#8221;4.27.4&#8243; _module_preset=&#8221;default&#8221; header_2_font=&#8221;|700|||||||&#8221; header_2_font_size=&#8221;16px&#8221; hover_enabled=&#8221;0&#8243; global_colors_info=&#8221;{}&#8221; sticky_enabled=&#8221;0&#8243;]<\/p>\n<h2>EXERCISE DESCRIPTION<\/h2>\n<p>The facilitator invites participants to form groups based on a common affinity, without speaking or with only a minimum amount of verbal dialogue. For example, they might ask participants to group themselves according to their favorite animal. By whispering or communicating non-verbally, each person must find the others who share the same affinity. The exercise ends once all participants are gathered into clear and distinct groups. The facilitator can then propose a new question, and groups are then formed around other themes.<\/p>\n<p>Examples of affinity groups:<br \/>&#8211; favorite color<br \/>&#8211; favorite circus discipline<br \/>&#8211; zodiac sign     <\/p>\n<p>[\/et_pb_text][\/et_pb_column][et_pb_column type=&#8221;1_3&#8243; _builder_version=&#8221;4.27.4&#8243; _module_preset=&#8221;default&#8221; global_colors_info=&#8221;{}&#8221;][\/et_pb_column][\/et_pb_row][et_pb_row column_structure=&#8221;1_3,2_3&#8243; _builder_version=&#8221;4.27.4&#8243; _module_preset=&#8221;default&#8221; global_colors_info=&#8221;{}&#8221;][et_pb_column type=&#8221;1_3&#8243; _builder_version=&#8221;4.27.4&#8243; _module_preset=&#8221;default&#8221; global_colors_info=&#8221;{}&#8221;][\/et_pb_column][et_pb_column type=&#8221;2_3&#8243; _builder_version=&#8221;4.27.4&#8243; _module_preset=&#8221;default&#8221; global_colors_info=&#8221;{}&#8221;][et_pb_text _builder_version=&#8221;4.27.4&#8243; _module_preset=&#8221;default&#8221; header_2_font=&#8221;|700|||||||&#8221; header_2_font_size=&#8221;16px&#8221; hover_enabled=&#8221;0&#8243; global_colors_info=&#8221;{}&#8221; sticky_enabled=&#8221;0&#8243;]<\/p>\n<h2>Similar exercises: CONTINUUM ON A LINE<\/h2>\n<p>Ask participants to form a line according to a criterion such as their birthday month (from January to December) or by age (from oldest to youngest). Participants then try to place themselves correctly on the line without speaking.<\/p>\n<p>&nbsp;<\/p>\n<p>Val\u00e9rie G\u00e9rard, <em>Par Affinit\u00e9s. Amiti\u00e9 politique et co\u00e9xistence<\/em>, \u00e9ditions MF, 2019<\/p>\n<p>[\/et_pb_text][\/et_pb_column][\/et_pb_row][et_pb_row _builder_version=&#8221;4.27.4&#8243; _module_preset=&#8221;default&#8221; locked=&#8221;off&#8221; global_colors_info=&#8221;{}&#8221;][et_pb_column type=&#8221;4_4&#8243; _builder_version=&#8221;4.27.4&#8243; _module_preset=&#8221;default&#8221; global_colors_info=&#8221;{}&#8221;][et_pb_button button_url=&#8221;@ET-DC@eyJkeW5hbWljIjp0cnVlLCJjb250ZW50IjoicG9zdF9saW5rX3VybF9wYWdlIiwic2V0dGluZ3MiOnsicG9zdF9pZCI6IjIyIn19@&#8221; button_text=&#8221;back to tools&#8221; button_alignment=&#8221;center&#8221; _builder_version=&#8221;4.27.4&#8243; _dynamic_attributes=&#8221;button_url&#8221; _module_preset=&#8221;_initial&#8221; button_bg_color=&#8221;gcid-a85c521b-81cc-43c2-8b4a-855eccd11052&#8243; global_colors_info=&#8221;{%22gcid-7a44a981-21ef-49b5-9516-d2766424169d%22:%91%22button_text_color%22,%22button_text_color%22%93,%22gcid-469e3ecd-f875-47d6-b28f-2a998d4206ce%22:%91%22button_bg_color__hover%22,%22button_bg_color__hover%22%93,%22gcid-a85c521b-81cc-43c2-8b4a-855eccd11052%22:%91%22button_bg_color%22%93}&#8221;][\/et_pb_button][\/et_pb_column][\/et_pb_row][\/et_pb_section]<\/p>\n","protected":false},"excerpt":{"rendered":"<p>Affinity groupsWho 10 people minimum Source et inspiration Inspired by Ice breaking games Where A clear open spaceDURATION 10 minutes MATERIALS MusicEXERCISE DESCRIPTION The facilitator invites participants to form groups based on a common affinity, without speaking or with only a minimum amount of verbal dialogue. For example, they might ask participants to group themselves according to their favorite animal. By whispering or communicating non-verbally, each person must find the others who share the same affinity. The exercise ends once all participants are gathered into clear and distinct groups. The facilitator can then propose a new question, and groups are then formed around other themes.Examples of affinity groups:- favorite color- favorite circus discipline- zodiac sign Similar exercises: CONTINUUM ON A LINE Ask participants to form a line according to a criterion such as their birthday month (from January to December) or by age (from oldest to youngest). Participants then try to place themselves correctly on the line without speaking. &nbsp; Val\u00e9rie G\u00e9rard, Par Affinit\u00e9s. Amiti\u00e9 politique et co\u00e9xistence, \u00e9ditions MF, 2019<\/p>\n","protected":false},"author":1,"featured_media":2062,"parent":1967,"menu_order":0,"comment_status":"closed","ping_status":"closed","template":"","meta":{"_seopress_robots_primary_cat":"","_seopress_titles_title":"","_seopress_titles_desc":"","_seopress_robots_index":"","_et_pb_use_builder":"on","_et_pb_old_content":"","_et_gb_content_width":"","footnotes":""},"class_list":["post-2152","page","type-page","status-publish","has-post-thumbnail","hentry"],"_links":{"self":[{"href":"https:\/\/reboot-transmissions.com\/en\/wp-json\/wp\/v2\/pages\/2152","targetHints":{"allow":["GET"]}}],"collection":[{"href":"https:\/\/reboot-transmissions.com\/en\/wp-json\/wp\/v2\/pages"}],"about":[{"href":"https:\/\/reboot-transmissions.com\/en\/wp-json\/wp\/v2\/types\/page"}],"author":[{"embeddable":true,"href":"https:\/\/reboot-transmissions.com\/en\/wp-json\/wp\/v2\/users\/1"}],"replies":[{"embeddable":true,"href":"https:\/\/reboot-transmissions.com\/en\/wp-json\/wp\/v2\/comments?post=2152"}],"version-history":[{"count":0,"href":"https:\/\/reboot-transmissions.com\/en\/wp-json\/wp\/v2\/pages\/2152\/revisions"}],"up":[{"embeddable":true,"href":"https:\/\/reboot-transmissions.com\/en\/wp-json\/wp\/v2\/pages\/1967"}],"wp:featuredmedia":[{"embeddable":true,"href":"https:\/\/reboot-transmissions.com\/en\/wp-json\/wp\/v2\/media\/2062"}],"wp:attachment":[{"href":"https:\/\/reboot-transmissions.com\/en\/wp-json\/wp\/v2\/media?parent=2152"}],"curies":[{"name":"wp","href":"https:\/\/api.w.org\/{rel}","templated":true}]}}