{"id":2207,"date":"2025-03-10T14:15:19","date_gmt":"2025-03-10T13:15:19","guid":{"rendered":"https:\/\/reboot-transmissions.com\/themes\/feedback-supporting-the-work\/"},"modified":"2026-01-30T21:56:01","modified_gmt":"2026-01-30T20:56:01","slug":"feedback-supporting-the-work","status":"publish","type":"page","link":"https:\/\/reboot-transmissions.com\/en\/themes\/feedback-supporting-the-work\/","title":{"rendered":"Feedback: supporting the work"},"content":{"rendered":"<p>[et_pb_section fb_built=&#8221;1&#8243; custom_padding_last_edited=&#8221;on|phone&#8221; _builder_version=&#8221;4.27.4&#8243; _module_preset=&#8221;default&#8221; custom_padding=&#8221;100px|0px|0px|0px|false|true&#8221; custom_padding_tablet=&#8221;70px|20px||20px|false|true&#8221; custom_padding_phone=&#8221;70px|20px||20px|false|true&#8221; global_colors_info=&#8221;{}&#8221;][et_pb_row column_structure=&#8221;1_2,1_2&#8243; _builder_version=&#8221;4.27.4&#8243; _module_preset=&#8221;_initial&#8221; global_colors_info=&#8221;{}&#8221;][et_pb_column type=&#8221;1_2&#8243; _builder_version=&#8221;4.27.4&#8243; _module_preset=&#8221;default&#8221; global_colors_info=&#8221;{}&#8221;][et_pb_text _builder_version=&#8221;4.27.4&#8243; _module_preset=&#8221;default&#8221; global_colors_info=&#8221;{}&#8221;]<\/p>\n<h1>Feedback: supporting the work<\/h1>\n<p>[\/et_pb_text][et_pb_text _builder_version=&#8221;4.27.4&#8243; _module_preset=&#8221;default&#8221; global_colors_info=&#8221;{}&#8221;]<\/p>\n<p>What does it look like to support existing artistic work, either to take it in new directions or to question and shape what has already been created? Feedback on performances and practices is crucial to artistic and professional development of both artists and students\/learners. Such feedback is not neutral and is often embedded within complex power relations. Considering feedback in relation to the artistic work allows space for reflection on the contexts in which words are spoken and received. A hierarchical relationship, or even one perceived as such, can influence both what is said and how it is received. This applies, for example, to venue directors in relation to artistic companies, pedagogues in relation to students\/learners, school directors and their employed educators. Serene discussions necessitate awareness of both the power dynamics at play (within the group) and regarding the various of situated perspectives. The use of specific tools, and the creation of rules or structure for the feedback, can help improve feedback sessions. The hierarchical nature of some feedback can create stress for those on the receiving end and may put them at physical and\/or psychological risk. Feedback can also reveal or exacerbate preexisting inequalities, i.e. for artists from marginalized groups. Raising awareness of these issues and developing more inclusive, formalized, respectful, and encouraging practices all contribute to the construction of an artistic environment in which each person has the space to fully express themself.        <\/p>\n<p>[\/et_pb_text][\/et_pb_column][et_pb_column type=&#8221;1_2&#8243; _builder_version=&#8221;4.27.4&#8243; _module_preset=&#8221;default&#8221; global_colors_info=&#8221;{}&#8221;][et_pb_image src=&#8221;https:\/\/reboot-transmissions.com\/wp-content\/uploads\/LES_RETOURS_Poser_un_cadre.png&#8221; alt=&#8221;Journal de bord \u2013 Intervention de B\u00e9r\u00e9nice Hamidi-Kim \u2013 Poser un cadre clair sur les attentes de retours&#8221; title_text=&#8221;LES_RETOURS_Poser_un_cadre&#8221; show_in_lightbox=&#8221;on&#8221; align=&#8221;center&#8221; _builder_version=&#8221;4.27.4&#8243; _module_preset=&#8221;default&#8221; max_width=&#8221;70%&#8221; custom_margin=&#8221;||||false|false&#8221; global_colors_info=&#8221;{}&#8221;][\/et_pb_image][\/et_pb_column][\/et_pb_row][et_pb_row column_structure=&#8221;1_2,1_2&#8243; make_equal=&#8221;on&#8221; _builder_version=&#8221;4.27.4&#8243; _module_preset=&#8221;_initial&#8221; global_colors_info=&#8221;{}&#8221;][et_pb_column type=&#8221;1_2&#8243; _builder_version=&#8221;4.27.4&#8243; _module_preset=&#8221;default&#8221; global_colors_info=&#8221;{}&#8221;][et_pb_image src=&#8221;https:\/\/reboot-transmissions.com\/wp-content\/uploads\/LES_RETOURS_sur_les_retours_Croquis.png&#8221; alt=&#8221;Journal de bord \u2013 Pause et moment informel &#8211; retours sur les retours&#8221; title_text=&#8221;LES_RETOURS_sur_les_retours_Croquis&#8221; show_in_lightbox=&#8221;on&#8221; align=&#8221;center&#8221; _builder_version=&#8221;4.27.4&#8243; _module_preset=&#8221;default&#8221; max_width=&#8221;70%&#8221; custom_margin=&#8221;||||false|false&#8221; global_colors_info=&#8221;{}&#8221;][\/et_pb_image][\/et_pb_column][et_pb_column type=&#8221;1_2&#8243; _builder_version=&#8221;4.27.4&#8243; _module_preset=&#8221;default&#8221; custom_css_main_element=&#8221;margin:auto;&#8221; global_colors_info=&#8221;{}&#8221;][dsm_faq dsm_accordion_gap=&#8221;-1px&#8221; dsm_animate_icon=&#8221;on&#8221; _builder_version=&#8221;4.27.4&#8243; _module_preset=&#8221;default&#8221; hover_enabled=&#8221;0&#8243; border_color_top_dsm_toggle_open_border=&#8221;gcid-2f86121c-952a-4725-a283-f2d4f8b59ba8&#8243; border_color_bottom_dsm_toggle_open_border=&#8221;gcid-2f86121c-952a-4725-a283-f2d4f8b59ba8&#8243; border_color_top_dsm_toggle_closed_border=&#8221;gcid-2f86121c-952a-4725-a283-f2d4f8b59ba8&#8243; border_color_bottom_dsm_toggle_closed_border=&#8221;gcid-2f86121c-952a-4725-a283-f2d4f8b59ba8&#8243; locked=&#8221;off&#8221; global_colors_info=&#8221;{%22gcid-2f86121c-952a-4725-a283-f2d4f8b59ba8%22:%91%22header_text_color%22,%22dsm_open_icon_color%22,%22dsm_close_icon_color%22,%22border_color_top_dsm_toggle_open_border%22,%22border_color_bottom_dsm_toggle_open_border%22,%22border_color_top_dsm_toggle_closed_border%22,%22border_color_bottom_dsm_toggle_closed_border%22%93}&#8221; sticky_enabled=&#8221;0&#8243;][dsm_faq_child dsm_title=&#8221;Situations and Timing&#8221; dsm_content=&#8221;<\/p>\n<p>Finding the right moment and the appropriate space to provide feedback is not always easy, but it does allow for a smoother feedback process. The form and method of giving feedback should be adapted depending on the stage of a creative process (i.e. project inception, table work, presentation of a work-in-progress) or that of learning. When feedback is conceived of as support, a simple formulation may be insufficient and should instead be accompanied by a framework in which to give and receive feedback. The framework itself can have a timeframe that varies according to the recipients, the project, and the associated stakes. It\u2019s therefore necessary to consider questions of place (i.e. where is the feedback given? which roles are the various participants adopting, in the space?), timing (when is the feedback given? is it appropriate to give feedback immediately after a performance?), relationships (who is giving feedback? is the feedback giver familiar with the work? does the feedback giver have a past, present, or future relationship with those receiving the feedback?), and methods (existing protocols or new ones to be developed; formal vs informal settings).   <\/p>\n<p>&#8221; _builder_version=&#8221;4.27.4&#8243; _module_preset=&#8221;default&#8221; hover_enabled=&#8221;0&#8243; global_colors_info=&#8221;{}&#8221; parentOrderClass=&#8221;dsm_faq_0&#8243; sticky_enabled=&#8221;0&#8243;][\/dsm_faq_child][dsm_faq_child dsm_title=&#8221;Feedback and power dynamics&#8221; dsm_content=&#8221;<\/p>\n<p>The giving of feedback is a place of potential power and violence, requiring careful attention. There is great vulnerability inherent in handing over one\u2019s work to another. It\u2019s both possible and necessary to become aware of all the positions from which feedback is given: that of audience member, outside eye, theater or festival director, funder, educator, co-creator, etc. When there is a real power dynamic that creates an asymmetric relationship, the giving of feedback can be a vector for certain forms of violence or pressure. Examples of this sort of violence includes humiliation, put-downs, bullying, etc.; this is especially pertinent when the power dynamics include an artist who is economically dependent on a festival or theater director, or a student\/learner who is dependent on a certain teacher, considered to be central to the continuation of their studies. Recognizing these asymmetries and fostering more horizontal relationships can help prevent such violence. Similarly, the way feedback is formulated (open-ended questions, giving the person receiving feedback space to speak) and the value placed on peer-to-peer feedback (including among students\/learners) also contribute to preventing violence.      <\/p>\n<p>&#8221; _builder_version=&#8221;4.27.4&#8243; _module_preset=&#8221;default&#8221; global_colors_info=&#8221;{}&#8221; parentOrderClass=&#8221;dsm_faq_0&#8243;][\/dsm_faq_child][dsm_faq_child dsm_title=&#8221;Questioning one\u2019s perspective as audience member&#8221; dsm_content=&#8221;<\/p>\n<p>The mechanisms of systemic oppression and discrimination observed in society are also present in the arts sector and shape the ways in which we see art. Gender, racial, and class-based discriminations are all present and active in the arts sector, despite the perception of the arts as a space of emancipation. As an audience member, there are many possible perspectives and ways in which to approach art. Each of our stances are shaped by political and socio-economic factors, such as the accessibility of cultural venues, professional recognition based on one\u2019s career or educational trajectory, etc. Concepts such as the female gaze, the male gaze, the queer gaze, and rape culture are all useful lenses for analyzing art and for understanding the importance of diversifying and rethinking casting, staging, and narratives, while highlighting the power dynamics that underpin all works of art.   <\/p>\n<p>&#8221; _builder_version=&#8221;4.27.4&#8243; _module_preset=&#8221;default&#8221; global_colors_info=&#8221;{}&#8221; parentOrderClass=&#8221;dsm_faq_0&#8243;][\/dsm_faq_child][\/dsm_faq][\/et_pb_column][\/et_pb_row][et_pb_row _builder_version=&#8221;4.27.4&#8243; _module_preset=&#8221;_initial&#8221; custom_padding=&#8221;10px|0px|30px|0px|false|true&#8221; border_width_top=&#8221;1px&#8221; border_color_top=&#8221;gcid-217fe7b2-d406-422a-a274-c09920f66d09&#8243; global_colors_info=&#8221;{%22gcid-217fe7b2-d406-422a-a274-c09920f66d09%22:%91%22border_color_top%22%93}&#8221;][et_pb_column type=&#8221;4_4&#8243; _builder_version=&#8221;4.27.4&#8243; _module_preset=&#8221;default&#8221; global_colors_info=&#8221;{}&#8221;][et_pb_text _builder_version=&#8221;4.27.4&#8243; _module_preset=&#8221;default&#8221; header_2_font=&#8221;|700|||||||&#8221; header_2_font_size=&#8221;16px&#8221; global_colors_info=&#8221;{}&#8221;]<\/p>\n<h2>Resources<\/h2>\n<p>[\/et_pb_text][\/et_pb_column][\/et_pb_row][et_pb_row column_structure=&#8221;1_3,1_3,1_3&#8243; _builder_version=&#8221;4.27.4&#8243; _module_preset=&#8221;default&#8221; background_color=&#8221;gcid-469e3ecd-f875-47d6-b28f-2a998d4206ce&#8221; background_pattern_repeat_origin=&#8221;center&#8221; custom_margin=&#8221;||100px||false|false&#8221; custom_margin_tablet=&#8221;||70px||false|false&#8221; custom_margin_phone=&#8221;||70px||false|false&#8221; custom_margin_last_edited=&#8221;on|desktop&#8221; custom_padding=&#8221;50px|50px|30px|50px|false|true&#8221; custom_padding_tablet=&#8221;30px||30px||true|false&#8221; custom_padding_phone=&#8221;30px||30px||true|false&#8221; border_radii=&#8221;on|10px|10px|10px|10px&#8221; global_colors_info=&#8221;{%22gcid-469e3ecd-f875-47d6-b28f-2a998d4206ce%22:%91%22background_color%22%93}&#8221;][et_pb_column type=&#8221;1_3&#8243; _builder_version=&#8221;4.27.4&#8243; _module_preset=&#8221;default&#8221; global_colors_info=&#8221;{}&#8221;][et_pb_text _builder_version=&#8221;4.27.4&#8243; _module_preset=&#8221;default&#8221; global_colors_info=&#8221;{}&#8221;]<\/p>\n<ul>\n<li>BOITTE, P. (2024), <em>Chercher avec l\u2019aventure de L\u2019L depuis les arts vivants. Fascicule 2. Exp\u00e9rimenter \u00e0 partir des modalit\u00e9s de L\u2019L<\/em>, L\u2019L \u00c9ditions<\/li>\n<li>BORGHI, Rachele (2024), \u201cLa parole ne se prend pas, elle s\u2019arrache \u00bb dans <em>Pour des \u00e9coles d\u2019art f\u00e9ministes !<\/em> , Les presse du r\u00e9el<\/li>\n<li>BOULBA, P.L. (2023), <em>CritiQueer la danse. R\u00e9ceptions perform\u00e9es et critiques affect\u00e9es<\/em>, Presses universitaires de Vincennes<\/li>\n<\/ul>\n<p>[\/et_pb_text][\/et_pb_column][et_pb_column type=&#8221;1_3&#8243; _builder_version=&#8221;4.27.4&#8243; _module_preset=&#8221;default&#8221; global_colors_info=&#8221;{}&#8221;][et_pb_text _builder_version=&#8221;4.27.4&#8243; _module_preset=&#8221;default&#8221; hover_enabled=&#8221;0&#8243; global_colors_info=&#8221;{}&#8221; sticky_enabled=&#8221;0&#8243;]<\/p>\n<ul>\n<li>GINOT, I. et GUISGAND P. (2021), <em>Analyser les \u0153uvres en danse. Partitions pour le regard<\/em>, Centre national de la danse<\/li>\n<li>LERMAN, L.(2003), <em>Critical Response process : a method for getting useful feedback on anything you make, from dance to dessert<\/em>. Dance Exchange <\/li>\n<li>MARTZ-KUHN, E. et MILL, J. (2024) <em>Curieux manuel de dramaturgie pour le th\u00e9\u00e2tre, la danse et autres mati\u00e8res \u00e0 changement<\/em>, \u00c9ditions Du passage<\/li>\n<\/ul>\n<p>[\/et_pb_text][\/et_pb_column][et_pb_column type=&#8221;1_3&#8243; _builder_version=&#8221;4.27.4&#8243; _module_preset=&#8221;default&#8221; global_colors_info=&#8221;{}&#8221;][et_pb_text _builder_version=&#8221;4.27.4&#8243; _module_preset=&#8221;default&#8221; global_colors_info=&#8221;{}&#8221;]<\/p>\n<ul>\n<li><em>Wages for Wages Against, Tout ce qu\u2019on sait. We know what remains unsaid<\/em>, L&#8217;Amazone et Privilege, 2023<em><\/em><\/li>\n<li><em>Wages for Wages Against, How artists are chosen. <\/em><em>Exclusivit\u00e9, travail pr\u00e9caire et asym\u00e9tries dans les comp\u00e9titions artistiques<\/em>, L&#8217;Amazone et Privilege, 2024<\/li>\n<li>\u200b\u200b <a href=\"https:\/\/wfwa.ch\/en\" target=\"_blank\" rel=\"noopener\">Wages for wages against<\/a><\/li>\n<li><a href=\"https:\/\/www.atd.ahk.nl\/en\/theatre-programmes\/das-theatre\/study-programme\/feedback-method-1\/\" target=\"_blank\" rel=\"noopener\">Outils de feedbacks<\/a><\/li>\n<\/ul>\n<p>[\/et_pb_text][\/et_pb_column][\/et_pb_row][et_pb_row _builder_version=&#8221;4.27.4&#8243; _module_preset=&#8221;default&#8221; global_colors_info=&#8221;{}&#8221;][et_pb_column type=&#8221;4_4&#8243; _builder_version=&#8221;4.27.4&#8243; _module_preset=&#8221;default&#8221; global_colors_info=&#8221;{}&#8221;][et_pb_button button_url=&#8221;@ET-DC@eyJkeW5hbWljIjp0cnVlLCJjb250ZW50IjoicG9zdF9saW5rX3VybF9wYWdlIiwic2V0dGluZ3MiOnsicG9zdF9pZCI6IjQ5In19@&#8221; button_text=&#8221;back to the themes&#8221; button_alignment=&#8221;center&#8221; _builder_version=&#8221;4.27.4&#8243; _dynamic_attributes=&#8221;button_url&#8221; _module_preset=&#8221;default&#8221; button_bg_color=&#8221;gcid-a85c521b-81cc-43c2-8b4a-855eccd11052&#8243; global_colors_info=&#8221;{%22gcid-7a44a981-21ef-49b5-9516-d2766424169d%22:%91%22button_text_color%22,%22button_text_color%22%93,%22gcid-469e3ecd-f875-47d6-b28f-2a998d4206ce%22:%91%22button_bg_color__hover%22,%22button_bg_color__hover%22%93,%22gcid-a85c521b-81cc-43c2-8b4a-855eccd11052%22:%91%22button_bg_color%22%93}&#8221;][\/et_pb_button][\/et_pb_column][\/et_pb_row][\/et_pb_section]<\/p>\n","protected":false},"excerpt":{"rendered":"<p>Feedback: supporting the workWhat does it look like to support existing artistic work, either to take it in new directions or to question and shape what has already been created? Feedback on performances and practices is crucial to artistic and professional development of both artists and students\/learners. Such feedback is not neutral and is often embedded within complex power relations. Considering feedback in relation to the artistic work allows space for reflection on the contexts in which words are spoken and received. A hierarchical relationship, or even one perceived as such, can influence both what is said and how it is received. This applies, for example, to venue directors in relation to artistic companies, pedagogues in relation to students\/learners, school directors and their employed educators. Serene discussions necessitate awareness of both the power dynamics at play (within the group) and regarding the various of situated perspectives. The use of specific tools, and the creation of rules or structure for the feedback, can help improve feedback sessions. The hierarchical nature of some feedback can create stress for those on the receiving end and may put them at physical and\/or psychological risk. Feedback can also reveal or exacerbate preexisting inequalities, i.e. for [&hellip;]<\/p>\n","protected":false},"author":1,"featured_media":1903,"parent":1912,"menu_order":0,"comment_status":"closed","ping_status":"closed","template":"","meta":{"_seopress_robots_primary_cat":"","_seopress_titles_title":"","_seopress_titles_desc":"","_seopress_robots_index":"","_et_pb_use_builder":"on","_et_pb_old_content":"","_et_gb_content_width":"","footnotes":""},"class_list":["post-2207","page","type-page","status-publish","has-post-thumbnail","hentry"],"_links":{"self":[{"href":"https:\/\/reboot-transmissions.com\/en\/wp-json\/wp\/v2\/pages\/2207","targetHints":{"allow":["GET"]}}],"collection":[{"href":"https:\/\/reboot-transmissions.com\/en\/wp-json\/wp\/v2\/pages"}],"about":[{"href":"https:\/\/reboot-transmissions.com\/en\/wp-json\/wp\/v2\/types\/page"}],"author":[{"embeddable":true,"href":"https:\/\/reboot-transmissions.com\/en\/wp-json\/wp\/v2\/users\/1"}],"replies":[{"embeddable":true,"href":"https:\/\/reboot-transmissions.com\/en\/wp-json\/wp\/v2\/comments?post=2207"}],"version-history":[{"count":0,"href":"https:\/\/reboot-transmissions.com\/en\/wp-json\/wp\/v2\/pages\/2207\/revisions"}],"up":[{"embeddable":true,"href":"https:\/\/reboot-transmissions.com\/en\/wp-json\/wp\/v2\/pages\/1912"}],"wp:featuredmedia":[{"embeddable":true,"href":"https:\/\/reboot-transmissions.com\/en\/wp-json\/wp\/v2\/media\/1903"}],"wp:attachment":[{"href":"https:\/\/reboot-transmissions.com\/en\/wp-json\/wp\/v2\/media?parent=2207"}],"curies":[{"name":"wp","href":"https:\/\/api.w.org\/{rel}","templated":true}]}}