{"id":2375,"date":"2025-02-25T12:25:19","date_gmt":"2025-02-25T11:25:19","guid":{"rendered":"https:\/\/reboot-transmissions.com\/themes\/transmission-of-knowledge-which-roles\/"},"modified":"2026-04-27T19:43:34","modified_gmt":"2026-04-27T18:43:34","slug":"transmission-of-knowledge-which-roles","status":"publish","type":"page","link":"https:\/\/reboot-transmissions.com\/en\/themes\/transmission-of-knowledge-which-roles\/","title":{"rendered":"Transmission of knowledge: which roles?"},"content":{"rendered":"<p>[et_pb_section fb_built=&#8221;1&#8243; custom_padding_last_edited=&#8221;on|phone&#8221; _builder_version=&#8221;4.27.4&#8243; _module_preset=&#8221;default&#8221; custom_padding=&#8221;100px|0px|0px|0px|false|true&#8221; custom_padding_tablet=&#8221;70px|20px||20px|false|true&#8221; custom_padding_phone=&#8221;70px|20px||20px|false|true&#8221; global_colors_info=&#8221;{}&#8221;][et_pb_row column_structure=&#8221;1_2,1_2&#8243; _builder_version=&#8221;4.27.4&#8243; _module_preset=&#8221;d54cf344-6171-4d2f-9b28-becf0230af70&#8243; global_colors_info=&#8221;{}&#8221;][et_pb_column type=&#8221;1_2&#8243; _builder_version=&#8221;4.27.4&#8243; _module_preset=&#8221;default&#8221; global_colors_info=&#8221;{}&#8221;][et_pb_text _builder_version=&#8221;4.27.6&#8243; _module_preset=&#8221;default&#8221; global_colors_info=&#8221;{}&#8221;]<\/p>\n<h1>Transmission of knowledge: which roles?<\/h1>\n<p>[\/et_pb_text][et_pb_text _builder_version=&#8221;4.27.6&#8243; _module_preset=&#8221;default&#8221; global_colors_info=&#8221;{}&#8221;]Educators expressed difficulties in finding the right roles in relationship to their students\/learners. These educators seek to give meaning to their teachings and to better support their students\/learners, while also making do with institutional, disciplinary, training, and economic requirements. This involves a search for a balance between the expectations and desires expressed by students\/learners, and the educators&#8217; own vulnerabilities. Educators seek to support their learners&#8217;\/students&#8217; individualities and particularities, while co-creating a safe and engaging space in which they avoid reproducing well-known patterns of power and control. When they&#8217;re also artists, the educators strive to reconcile their roles as both artist and pedagogue, and align their values with what is feasible, while maintaining a correct relational distance with their students\/learners. The pedagogues also struggle with balancing spontaneity and exploration with the need for safety and control. Though there is a desire to let go of these dilemmas in order to better teach, the pedagogues refuse to impose this double bind on the students\/learners. The educators seek to encourage safe and constructive risk-taking, without unnecessary pressure.[\/et_pb_text][\/et_pb_column][et_pb_column type=&#8221;1_2&#8243; _builder_version=&#8221;4.27.4&#8243; _module_preset=&#8221;default&#8221; global_colors_info=&#8221;{}&#8221;][et_pb_image src=&#8221;https:\/\/reboot-transmissions.com\/wp-content\/uploads\/2025\/02\/Transmettre_quelle_posture_Protocoles_qui_liberent.png&#8221; alt=&#8221;Art journal &#8211; Visual arts workshop to wander and celebrate our struggles and empowerment exercises. Giving ourselves the power to believe &#8211; With Ya\u00eblle Antoine, Alma Kaiser, Constance Bugnon and Laura Terrancle&#8221; title_text=&#8221;Transmettre_quelle_posture_Protocoles_qui_liberent&#8221; show_in_lightbox=&#8221;on&#8221; _builder_version=&#8221;4.27.4&#8243; _module_preset=&#8221;default&#8221; width=&#8221;75%&#8221; module_alignment=&#8221;center&#8221; global_colors_info=&#8221;{}&#8221;][\/et_pb_image][\/et_pb_column][\/et_pb_row][et_pb_row column_structure=&#8221;1_3,1_3,1_3&#8243; use_custom_gutter=&#8221;on&#8221; gutter_width=&#8221;2&#8243; _builder_version=&#8221;4.27.4&#8243; _module_preset=&#8221;d54cf344-6171-4d2f-9b28-becf0230af70&#8243; global_colors_info=&#8221;{}&#8221;][et_pb_column type=&#8221;1_3&#8243; _builder_version=&#8221;4.27.4&#8243; _module_preset=&#8221;default&#8221; global_colors_info=&#8221;{}&#8221;][et_pb_image src=&#8221;https:\/\/reboot-transmissions.com\/wp-content\/uploads\/2025\/02\/Transmettre_Quelle_posture_Exercice1.jpg&#8221; alt=&#8221;Exercice \/ outil &#8211; %22Quels sont mes besoins ?%22&#8243; title_text=&#8221;Transmettre_Quelle_posture_Exercice1&#8243; show_in_lightbox=&#8221;on&#8221; _builder_version=&#8221;4.27.4&#8243; _module_preset=&#8221;default&#8221; global_colors_info=&#8221;{}&#8221;][\/et_pb_image][\/et_pb_column][et_pb_column type=&#8221;1_3&#8243; _builder_version=&#8221;4.27.4&#8243; _module_preset=&#8221;default&#8221; global_colors_info=&#8221;{}&#8221;][et_pb_image src=&#8221;https:\/\/reboot-transmissions.com\/wp-content\/uploads\/2025\/02\/Transmettre_Quelle_posture_Exercice2.png&#8221; alt=&#8221;Exercice \/ outil &#8211; %22Quels sont mes besoins ?%22&#8243; title_text=&#8221;Transmettre_Quelle_posture_Exercice2&#8243; show_in_lightbox=&#8221;on&#8221; _builder_version=&#8221;4.27.4&#8243; _module_preset=&#8221;default&#8221; global_colors_info=&#8221;{}&#8221;][\/et_pb_image][\/et_pb_column][et_pb_column type=&#8221;1_3&#8243; _builder_version=&#8221;4.27.4&#8243; _module_preset=&#8221;default&#8221; global_colors_info=&#8221;{}&#8221;][et_pb_image src=&#8221;https:\/\/reboot-transmissions.com\/wp-content\/uploads\/2025\/02\/Transmettre_Quelle_posture_Exercice3.png&#8221; alt=&#8221;Exercice \/ outil &#8211; %22Quels sont mes besoins ?%22&#8243; title_text=&#8221;Transmettre_Quelle_posture_Exercice3&#8243; show_in_lightbox=&#8221;on&#8221; _builder_version=&#8221;4.27.4&#8243; _module_preset=&#8221;default&#8221; global_colors_info=&#8221;{}&#8221;][\/et_pb_image][\/et_pb_column][\/et_pb_row][et_pb_row column_structure=&#8221;1_2,1_2&#8243; _builder_version=&#8221;4.27.4&#8243; _module_preset=&#8221;default&#8221; global_colors_info=&#8221;{}&#8221;][et_pb_column type=&#8221;1_2&#8243; _builder_version=&#8221;4.27.4&#8243; _module_preset=&#8221;default&#8221; global_colors_info=&#8221;{}&#8221;][et_pb_image src=&#8221;https:\/\/reboot-transmissions.com\/wp-content\/uploads\/2025\/02\/Transmettre_Quelle_posture_echange_avec_LiseAgathe.png&#8221; alt=&#8221;Journal de bord &#8211; \u00c9changes sur les besoins du\/des p\u00e9dagogues, anim\u00e9 par Lise Lerichomme et Agathe Dumont&#8221; title_text=&#8221;Transmettre_Quelle_posture_echange_avec_Lise&amp;Agathe&#8221; show_in_lightbox=&#8221;on&#8221; _builder_version=&#8221;4.27.4&#8243; _module_preset=&#8221;default&#8221; global_colors_info=&#8221;{}&#8221;][\/et_pb_image][\/et_pb_column][et_pb_column type=&#8221;1_2&#8243; _builder_version=&#8221;4.27.4&#8243; _module_preset=&#8221;default&#8221; global_colors_info=&#8221;{}&#8221;][dsm_faq dsm_accordion_gap=&#8221;-1px&#8221; dsm_animate_icon=&#8221;on&#8221; _builder_version=&#8221;4.27.6&#8243; _module_preset=&#8221;default&#8221; hover_enabled=&#8221;0&#8243; border_color_top_dsm_toggle_open_border=&#8221;gcid-2f86121c-952a-4725-a283-f2d4f8b59ba8&#8243; border_color_bottom_dsm_toggle_open_border=&#8221;gcid-2f86121c-952a-4725-a283-f2d4f8b59ba8&#8243; border_color_top_dsm_toggle_closed_border=&#8221;gcid-2f86121c-952a-4725-a283-f2d4f8b59ba8&#8243; border_color_bottom_dsm_toggle_closed_border=&#8221;gcid-2f86121c-952a-4725-a283-f2d4f8b59ba8&#8243; global_colors_info=&#8221;{%22gcid-2f86121c-952a-4725-a283-f2d4f8b59ba8%22:%91%22header_text_color%22,%22dsm_open_icon_color%22,%22dsm_close_icon_color%22,%22border_color_top_dsm_toggle_open_border%22,%22border_color_bottom_dsm_toggle_open_border%22,%22border_color_top_dsm_toggle_closed_border%22,%22border_color_bottom_dsm_toggle_closed_border%22%93}&#8221; sticky_enabled=&#8221;0&#8243;][dsm_faq_child dsm_title=&#8221;The educator&#039;s legitimacy and vulnerabilities&#8221; dsm_content=&#8221;Identification of the educator&apos;s vulnerabilities allows for the construction and rethinking of teaching practices, so as to include these vulnerabilities and mitigate them. During the Reboot workshops there were collective spaces in which to share about concrete situations. The most prominent vulnerabilities identified were solitude and the sense of illegitimacy. Many pedagogues feel insufficiently prepared, as they don&apos;t have full mastery of all the subjects they need to teach, and find it difficult to introduce new disciplines or practices. Pedagogues feel a pressing need to %22be a team,%22 so as to share moments together and have concrete discussions about their practices. These moments of discussion and exchange are essential in establishing a coherent pedagogical project that is enriching for all team members.     &#8221; _builder_version=&#8221;4.27.6&#8243; _module_preset=&#8221;default&#8221; global_colors_info=&#8221;{}&#8221; parentOrderClass=&#8221;dsm_faq_0&#8243;][\/dsm_faq_child][dsm_faq_child dsm_title=&#8221;Pedagogy and power dynamics&#8221; dsm_content=&#8221;It&apos;s important to be aware of the power imbalance that is created by the vertical and asymmetric position of the educator in regards to the student\/learner. The question of power dynamics between educator and student\/learner also leads to the question of the appropriate relationship between them, as relationship-building takes time, at the possible expense of time otherwise devoted to learning. Finding the %22right relationship%22 implies understanding where and how to situate oneself in regard to students\/learners, and creating non-oppressive learning contexts, while taking care not to move from friendliness to friendship. From the point of view of the power dynamics between pedagogues and institutions, the crucial issues that emerge are the educator&apos;s precarity and the lack of recognition for their work. These material and moral difficulties can impact pedagogues&apos; motivation and their capacity to provide quality education.    &#8221; _builder_version=&#8221;4.27.6&#8243; _module_preset=&#8221;default&#8221; global_colors_info=&#8221;{}&#8221; parentOrderClass=&#8221;dsm_faq_0&#8243;][\/dsm_faq_child][dsm_faq_child dsm_title=&#8221;Alternative and radical pedagogies&#8221; dsm_content=&#8221;Thinking through new pedagogical practices includes using tools which allow for listening and speaking consciously about power dynamics. Many of these tools have already been thought through and tested in other contexts, notably in popular education. Examples include non-violent communication, self-reflexivity, the valuing of everyone&apos;s experiences, and the fostering of safe and intimate sharing spaces. It&apos;s thus a matter of moving away from traditional methods of teaching circus, and moving closer to principles and practices of alternative pedagogies centered on the student\/learner. These tools and practices value each individual&apos;s holistic development, focusing on students&apos;\/learners&apos; specificities (in terms of learning contexts), as well as collaboration, active engagement of students\/learners, and the overall fulfilment and development of each person (intellectual, emotional, social, etc.). Thus there is also encouragement to question oneself as pedagogue, as well as the power structures and inequalities present in our society, and to encourage a back-and-forth between theory and practice, and the development of auto-reflexivity and self-determination.  &#8221; _builder_version=&#8221;4.27.6&#8243; _module_preset=&#8221;default&#8221; global_colors_info=&#8221;{}&#8221; parentOrderClass=&#8221;dsm_faq_0&#8243;][\/dsm_faq_child][\/dsm_faq][\/et_pb_column][\/et_pb_row][et_pb_row _builder_version=&#8221;4.27.4&#8243; _module_preset=&#8221;_initial&#8221; custom_padding=&#8221;10px|0px|30px|0px|false|true&#8221; border_width_top=&#8221;1px&#8221; border_color_top=&#8221;gcid-217fe7b2-d406-422a-a274-c09920f66d09&#8243; global_colors_info=&#8221;{%22gcid-217fe7b2-d406-422a-a274-c09920f66d09%22:%91%22border_color_top%22%93}&#8221;][et_pb_column type=&#8221;4_4&#8243; _builder_version=&#8221;4.27.4&#8243; _module_preset=&#8221;default&#8221; global_colors_info=&#8221;{}&#8221;][et_pb_text _builder_version=&#8221;4.27.4&#8243; _module_preset=&#8221;default&#8221; header_2_font=&#8221;|700|||||||&#8221; header_2_font_size=&#8221;16px&#8221; global_colors_info=&#8221;{}&#8221;]<\/p>\n<h2>Resources<\/h2>\n<p>[\/et_pb_text][\/et_pb_column][\/et_pb_row][et_pb_row column_structure=&#8221;1_3,1_3,1_3&#8243; _builder_version=&#8221;4.27.4&#8243; _module_preset=&#8221;default&#8221; background_color=&#8221;gcid-469e3ecd-f875-47d6-b28f-2a998d4206ce&#8221; background_pattern_repeat_origin=&#8221;center&#8221; custom_margin=&#8221;||100px||false|false&#8221; custom_margin_tablet=&#8221;||70px||false|false&#8221; custom_margin_phone=&#8221;||70px||false|false&#8221; custom_margin_last_edited=&#8221;on|desktop&#8221; custom_padding=&#8221;50px|50px|30px|50px|false|true&#8221; custom_padding_tablet=&#8221;30px||30px||true|false&#8221; custom_padding_phone=&#8221;30px||30px||true|false&#8221; border_radii=&#8221;on|10px|10px|10px|10px&#8221; global_colors_info=&#8221;{%22gcid-469e3ecd-f875-47d6-b28f-2a998d4206ce%22:%91%22background_color%22%93}&#8221;][et_pb_column type=&#8221;1_3&#8243; _builder_version=&#8221;4.27.4&#8243; _module_preset=&#8221;default&#8221; global_colors_info=&#8221;{}&#8221;][et_pb_text _builder_version=&#8221;4.27.6&#8243; _module_preset=&#8221;default&#8221; custom_margin=&#8221;||||false|false&#8221; custom_padding=&#8221;||||false|false&#8221; global_colors_info=&#8221;{}&#8221;]<\/p>\n<ul>\n<li>HOOKS, B. (2019), Apprendre \u00e0 transgresser, Syllepse<\/li>\n<li>INGOLD, T. (2018), L&#8217;anthropologie comme \u00e9ducation, Presses universitaires de Rennes<\/li>\n<li>KIHM, C. et MAVRIDORAKIS, V. (2013.), Transmettre l\u2019art. Figures et m\u00e9thodes. Quelle histoire ?, Les presses du r\u00e9el<\/li>\n<\/ul>\n<p>[\/et_pb_text][\/et_pb_column][et_pb_column type=&#8221;1_3&#8243; _builder_version=&#8221;4.27.4&#8243; _module_preset=&#8221;default&#8221; global_colors_info=&#8221;{}&#8221;][et_pb_text _builder_version=&#8221;4.27.6&#8243; _module_preset=&#8221;default&#8221; global_colors_info=&#8221;{}&#8221;]<\/p>\n<ul>\n<li>MICROSILLONS (2019), Motifs Incertains. Enseigner et apprendre les pratiques artistiques socialement engag\u00e9es, Les presses du r\u00e9el <\/li>\n<li>ORLANDO, S. (2024), La part affective, Paraguay Press<\/li>\n<\/ul>\n<p>[\/et_pb_text][\/et_pb_column][et_pb_column type=&#8221;1_3&#8243; _builder_version=&#8221;4.27.4&#8243; _module_preset=&#8221;default&#8221; global_colors_info=&#8221;{}&#8221;][et_pb_text _builder_version=&#8221;4.27.6&#8243; _module_preset=&#8221;default&#8221; global_colors_info=&#8221;{}&#8221;]<\/p>\n<ul>\n<li>PERREIRA, I. (2024) Le f\u00e9minisme libertaire : des apports pour une soci\u00e9t\u00e9 radicalement f\u00e9ministe, Cavalier Bleu<\/li>\n<li>Pour des \u00e9coles d\u2019art f\u00e9ministes !, ouvrage collectif (2023), \u00c9SACM : Tombolo presses<\/li>\n<li>DE COCK, L., PEREIRA I. (2019), <em>Les p\u00e9dagogies critiques<\/em>, Agone.<\/li>\n<\/ul>\n<p>[\/et_pb_text][\/et_pb_column][\/et_pb_row][et_pb_row _builder_version=&#8221;4.27.4&#8243; _module_preset=&#8221;default&#8221; locked=&#8221;off&#8221; global_colors_info=&#8221;{}&#8221;][et_pb_column type=&#8221;4_4&#8243; _builder_version=&#8221;4.27.4&#8243; _module_preset=&#8221;default&#8221; global_colors_info=&#8221;{}&#8221;][et_pb_button button_url=&#8221;@ET-DC@eyJkeW5hbWljIjp0cnVlLCJjb250ZW50IjoicG9zdF9saW5rX3VybF9wYWdlIiwic2V0dGluZ3MiOnsicG9zdF9pZCI6IjQ5In19@&#8221; button_text=&#8221;back to the themes&#8221; button_alignment=&#8221;center&#8221; _builder_version=&#8221;4.27.4&#8243; _dynamic_attributes=&#8221;button_url&#8221; _module_preset=&#8221;default&#8221; button_bg_color=&#8221;gcid-a85c521b-81cc-43c2-8b4a-855eccd11052&#8243; global_colors_info=&#8221;{%22gcid-7a44a981-21ef-49b5-9516-d2766424169d%22:%91%22button_text_color%22,%22button_text_color%22%93,%22gcid-469e3ecd-f875-47d6-b28f-2a998d4206ce%22:%91%22button_bg_color__hover%22,%22button_bg_color__hover%22%93,%22gcid-a85c521b-81cc-43c2-8b4a-855eccd11052%22:%91%22button_bg_color%22%93}&#8221;][\/et_pb_button][\/et_pb_column][\/et_pb_row][\/et_pb_section]<\/p>\n","protected":false},"excerpt":{"rendered":"<p>Transmission of knowledge: which roles?Educators expressed difficulties in finding the right roles in relationship to their students\/learners. These educators seek to give meaning to their teachings and to better support their students\/learners, while also making do with institutional, disciplinary, training, and economic requirements. This involves a search for a balance between the expectations and desires expressed by students\/learners, and the educators&#8217; own vulnerabilities. Educators seek to support their learners&#8217;\/students&#8217; individualities and particularities, while co-creating a safe and engaging space in which they avoid reproducing well-known patterns of power and control. When they&#8217;re also artists, the educators strive to reconcile their roles as both artist and pedagogue, and align their values with what is feasible, while maintaining a correct relational distance with their students\/learners. The pedagogues also struggle with balancing spontaneity and exploration with the need for safety and control. Though there is a desire to let go of these dilemmas in order to better teach, the pedagogues refuse to impose this double bind on the students\/learners. The educators seek to encourage safe and constructive risk-taking, without unnecessary pressure.<div class=\"et_pb_with_border et_pb_module dsm_faq dsm_faq_0\">\n\t\t\t\t\n\t\t\t\t\n\t\t\t\t\n\t\t\t\t\n\t\t\t\t\n\t\t\t\t\n\t\t\t\t<div class=\"et_pb_module_inner\">\n\t\t\t\t\t<div class=\"dsm-faq-container dsm-front\" data-accordion=\"off\" data-open_first_item=\"off\">\n\t\t\t\t\n\t\t\t <\/div>\n\t\t\t \n\t\t\t\n\t\t\t\t<\/div>\n\t\t\t<\/div><div class=\"dsm_faq_child_0 dsm-faq-item-wrapper\">\n\t\t\t\t<div class=\"dsm-title-wrapper\">\n\t\t\t\t <div class=\"dsm-title-inner-wrapper\">\n\t\t\t\t   \n\t\t\t\t   \n\t\t\t\t   \n\t\t\t\t   \n\t\t\t\t   <h2 class=\"dsm-faq-title\">&#8221;The<\/h2>\n\t\t\t\t <\/div> \n\t\t\t\t <div class=\"dsm-faq-item-inner-wrapper\">\n\t\t\t\t   <div class=\"dsm_open_icon\"><span>K<\/span><\/div>\n\t\t\t\t   <div class=\"dsm_close_icon\"><span>L<\/span><\/div>\n\t\t\t\t   \n\t\t\t\t   \n\t\t\t\t <\/div>\n\t\t\t\t<\/div>\n\t\t\t\t<div class=\"dsm-faq-content\">&#8221;Identification<\/div>\n\t\t\t <\/div>\n\t\t\t<\/p>\n","protected":false},"author":1,"featured_media":0,"parent":1912,"menu_order":0,"comment_status":"closed","ping_status":"closed","template":"","meta":{"_seopress_robots_primary_cat":"","_seopress_titles_title":"","_seopress_titles_desc":"","_seopress_robots_index":"","_et_pb_use_builder":"on","_et_pb_old_content":"","_et_gb_content_width":"","footnotes":""},"class_list":["post-2375","page","type-page","status-publish","hentry"],"_links":{"self":[{"href":"https:\/\/reboot-transmissions.com\/en\/wp-json\/wp\/v2\/pages\/2375","targetHints":{"allow":["GET"]}}],"collection":[{"href":"https:\/\/reboot-transmissions.com\/en\/wp-json\/wp\/v2\/pages"}],"about":[{"href":"https:\/\/reboot-transmissions.com\/en\/wp-json\/wp\/v2\/types\/page"}],"author":[{"embeddable":true,"href":"https:\/\/reboot-transmissions.com\/en\/wp-json\/wp\/v2\/users\/1"}],"replies":[{"embeddable":true,"href":"https:\/\/reboot-transmissions.com\/en\/wp-json\/wp\/v2\/comments?post=2375"}],"version-history":[{"count":4,"href":"https:\/\/reboot-transmissions.com\/en\/wp-json\/wp\/v2\/pages\/2375\/revisions"}],"predecessor-version":[{"id":2380,"href":"https:\/\/reboot-transmissions.com\/en\/wp-json\/wp\/v2\/pages\/2375\/revisions\/2380"}],"up":[{"embeddable":true,"href":"https:\/\/reboot-transmissions.com\/en\/wp-json\/wp\/v2\/pages\/1912"}],"wp:attachment":[{"href":"https:\/\/reboot-transmissions.com\/en\/wp-json\/wp\/v2\/media?parent=2375"}],"curies":[{"name":"wp","href":"https:\/\/api.w.org\/{rel}","templated":true}]}}