{"id":2381,"date":"2025-03-10T14:01:38","date_gmt":"2025-03-10T13:01:38","guid":{"rendered":"https:\/\/reboot-transmissions.com\/themes\/acting-collectively\/"},"modified":"2026-04-27T19:51:27","modified_gmt":"2026-04-27T18:51:27","slug":"acting-collectively","status":"publish","type":"page","link":"https:\/\/reboot-transmissions.com\/en\/themes\/acting-collectively\/","title":{"rendered":"Acting collectively"},"content":{"rendered":"<p>[et_pb_section fb_built=&#8221;1&#8243; custom_padding_last_edited=&#8221;on|phone&#8221; _builder_version=&#8221;4.27.4&#8243; _module_preset=&#8221;default&#8221; custom_padding=&#8221;100px|0px|0px|0px|false|true&#8221; custom_padding_tablet=&#8221;70px|20px||20px|false|true&#8221; custom_padding_phone=&#8221;70px|20px||20px|false|true&#8221; global_colors_info=&#8221;{}&#8221;][et_pb_row column_structure=&#8221;1_2,1_2&#8243; _builder_version=&#8221;4.27.4&#8243; _module_preset=&#8221;_initial&#8221; global_colors_info=&#8221;{}&#8221;][et_pb_column type=&#8221;1_2&#8243; _builder_version=&#8221;4.27.4&#8243; _module_preset=&#8221;default&#8221; global_colors_info=&#8221;{}&#8221;][et_pb_text _builder_version=&#8221;4.27.4&#8243; _module_preset=&#8221;default&#8221; global_colors_info=&#8221;{}&#8221;]<\/p>\n<h1>Acting collectively<\/h1>\n<p>[\/et_pb_text][et_pb_text _builder_version=&#8221;4.27.4&#8243; _module_preset=&#8221;default&#8221; global_colors_info=&#8221;{}&#8221;]<\/p>\n<p>There is a need for evolution in our collaborative structures and frameworks, within our training \/ educational spaces, as well as within creation and production. It\u2019s imperative to rethink our existing systems so that they can become more inclusive and adapted to the diverse realities of the individuals they serve, while also focusing on group process, new ways of sharing roles and responsibilities, and new methodologies. Collective work encourages alignment with shared values, which must be chosen together and clearly identified in order to ensure the success and cohesion of a project, whether educational or artistic. This involves, for example, the creation of healthy and supportive learning environments for all students\/learners, where pedagogues also feel less isolated and enjoy greater recognition from their peers and the school\u2019s management. By creating supportive and welcoming groups, with a chosen set of people, artists, pedagogues, and students\/learners can grow and work in environments where they feel involved and valued.    <\/p>\n<p>[\/et_pb_text][\/et_pb_column][et_pb_column type=&#8221;1_2&#8243; _builder_version=&#8221;4.27.4&#8243; _module_preset=&#8221;default&#8221; global_colors_info=&#8221;{}&#8221;][et_pb_image src=&#8221;https:\/\/reboot-transmissions.com\/wp-content\/uploads\/Faire_collectif_quatre_exercices_illustres.png&#8221; alt=&#8221;Exercices \/ outils &#8211; \u00c9chauffement avant les entra\u00eenements des jeunes du projet En Cirqu\u00e9 ; %22\u00c9chelle : mon sentiment de solitude %22, %22Chanter ensemble%22, %22La Sieste%22, danse individuelle en s\u2019impr\u00e9gnant du collectif, avec Caroline de Corni\u00e8re&#8221; title_text=&#8221;Faire_collectif_quatre_exercices_illustre\u0301s&#8221; show_in_lightbox=&#8221;on&#8221; align=&#8221;center&#8221; _builder_version=&#8221;4.27.4&#8243; _module_preset=&#8221;default&#8221; max_width=&#8221;70%&#8221; custom_margin=&#8221;||||false|false&#8221; global_colors_info=&#8221;{}&#8221;][\/et_pb_image][\/et_pb_column][\/et_pb_row][et_pb_row column_structure=&#8221;1_2,1_2&#8243; make_equal=&#8221;on&#8221; _builder_version=&#8221;4.27.4&#8243; _module_preset=&#8221;default&#8221; global_colors_info=&#8221;{}&#8221;][et_pb_column type=&#8221;1_2&#8243; _builder_version=&#8221;4.27.4&#8243; _module_preset=&#8221;default&#8221; global_colors_info=&#8221;{}&#8221;][et_pb_image src=&#8221;https:\/\/reboot-transmissions.com\/wp-content\/uploads\/Faire_collectif_Travail_d_equipe_def.png&#8221; alt=&#8221;Journal de bord \u2013 Visio avec l\u2019\u00e9quipe Reboot pour pr\u00e9parer la rencontre \u00e0 la Verrerie d\u2019Al\u00e8s. Trouver les ressources pour faire collectif en confiance et en douceur. &#8221; title_text=&#8221;Faire_collectif_Travail_d_equipe_def&#8221; show_in_lightbox=&#8221;on&#8221; align=&#8221;center&#8221; _builder_version=&#8221;4.27.4&#8243; _module_preset=&#8221;default&#8221; max_width=&#8221;70%&#8221; custom_margin=&#8221;||||false|false&#8221; global_colors_info=&#8221;{}&#8221;][\/et_pb_image][\/et_pb_column][et_pb_column type=&#8221;1_2&#8243; _builder_version=&#8221;4.27.4&#8243; _module_preset=&#8221;default&#8221; custom_css_main_element=&#8221;margin:auto;&#8221; global_colors_info=&#8221;{}&#8221;][dsm_faq dsm_accordion_gap=&#8221;-1px&#8221; dsm_animate_icon=&#8221;on&#8221; _builder_version=&#8221;4.27.5&#8243; _module_preset=&#8221;default&#8221; hover_enabled=&#8221;0&#8243; border_color_top_dsm_toggle_open_border=&#8221;gcid-2f86121c-952a-4725-a283-f2d4f8b59ba8&#8243; border_color_bottom_dsm_toggle_open_border=&#8221;gcid-2f86121c-952a-4725-a283-f2d4f8b59ba8&#8243; border_color_top_dsm_toggle_closed_border=&#8221;gcid-2f86121c-952a-4725-a283-f2d4f8b59ba8&#8243; border_color_bottom_dsm_toggle_closed_border=&#8221;gcid-2f86121c-952a-4725-a283-f2d4f8b59ba8&#8243; locked=&#8221;off&#8221; global_colors_info=&#8221;{%22gcid-2f86121c-952a-4725-a283-f2d4f8b59ba8%22:%91%22header_text_color%22,%22dsm_open_icon_color%22,%22dsm_close_icon_color%22,%22border_color_top_dsm_toggle_open_border%22,%22border_color_bottom_dsm_toggle_open_border%22,%22border_color_top_dsm_toggle_closed_border%22,%22border_color_bottom_dsm_toggle_closed_border%22%93}&#8221; sticky_enabled=&#8221;0&#8243;][dsm_faq_child dsm_title=&#8221;Togethering&#8221; dsm_content=&#8221;<\/p>\n<p>Thinking about one&apos;s place within a group or team encourages the establishment of long-term practices within a project that is perceived as a whole, rather than as a series of individual and potentially contradictory practices, all the while accepting how different artistic disciplines lead to varying methods and relationships to the body. The aim is to break free from the imaginary world of a project led by an individual, which isn&apos;t anchored in collective discussion and may not even exist at all, and instead come together to create a concrete project driven by all members of a collective. Group meetings and workshops highlight the importance of having common dynamics that inform the practices of all pedagogues, so as to ensure a positive and consistent working and pedagogical environment. Becoming a pedagogical team therefore requires finding common values, which may take the form of writing a charter or code of conduct, as well as sharing teaching methods and practices.     <\/p>\n<p>&#8221; _builder_version=&#8221;4.27.5&#8243; _module_preset=&#8221;default&#8221; hover_enabled=&#8221;0&#8243; global_colors_info=&#8221;{}&#8221; parentOrderClass=&#8221;dsm_faq_0&#8243; sticky_enabled=&#8221;0&#8243;][\/dsm_faq_child][dsm_faq_child dsm_title=&#8221;Working together, differently&#8221; dsm_content=&#8221;<\/p>\n<p>The arts and culture sector is characterized by diverse working and employment conditions, and varying conditions of access to the labor market. As a result, workers in the arts will demand different statuses and roles; they fight different battles in their respective fields. So how then can we work collectively, more horizontally? And with which tools? It begins with defining one\u2019s place and status within a group or institution, clarifying and discussing issues of salary, recognition, evaluation, and professional development. It\u2019s also essential to recognize individual knowledge and collective skills, including both formal and empirical knowledges. Finally, it\u2019s important to identify physical, mental, and emotional loads in order to collectively rethink their distribution.   <\/p>\n<p>Laws and regulations protect and govern work, within the context of an artistic troupe, a cultural institution, a non-profit, or a school. In order to clarify power relations and define the work to be done, thereby avoiding the common invisiblization of certain tasks, it\u2019s useful to reference local laws and regulations, discuss them, and devise ways of working together within the legislative framework (e.g., writing a charter, rethinking communication tools). Commonly invisiblized tasks include: the preparatory work of pedagogues, the mental load of monitoring a student\/learner in difficulty, the need to respond to calls for projects, administrative tasks, human resources management, travel time, etc. Thinking about work collectively and experimenting with modes of organization includes questioning the myths around \u201ccareers,\u201d the necessity of work, the pleasure of working, and the political models in which work can be framed (salary versus unpaid work, notions of career, overproduction, the value of work in the labor market, etc.). Working together also means rethinking the spaces where collective struggles take place (non-profits, unions, activist groups) in order to organize, participate, and unite. <\/p>\n<p>&#8221; _builder_version=&#8221;4.27.5&#8243; _module_preset=&#8221;default&#8221; hover_enabled=&#8221;0&#8243; global_colors_info=&#8221;{}&#8221; parentOrderClass=&#8221;dsm_faq_0&#8243; sticky_enabled=&#8221;0&#8243;][\/dsm_faq_child][dsm_faq_child dsm_title=&#8221;Celebrating Struggles&#8221; dsm_content=&#8221;<\/p>\n<p>Finding areas of enjoyment and safety is essential for the well-being and fulfillment of all members of a group or collective. Workshops that combine formal and informal elements are of paramount importance. They create discussion spaces for all participants, fostering connection and the sharing of resources and experiences. These moments are precious for strengthening cohesion and solidarity within groups and collectives. In addition, the creation of celebratory rituals brings joy and pleasure to the forefront within the contexts of creation, work, transmission, and teaching. Institutions often lack recognition for themes deemed \u201cintimate\u201d such as motherhood, gender transition, and the feeling of exclusion experienced by queer and racialized people. Coming together as a group or a collective, particularly in an intentionally non-mixed environment (such as queer or single-sex spaces), enables the sharing of resources and creates a space in which it is possible to question how we perceive ourselves and present ourselves to others. Embracing one\u2019s identity, finding and proving one\u2019s legitimacy, and establishing strategies of visibilization are all essential steps toward full recognition of oneself and one\u2019s work. Groups and collectives offer spaces to recharge, feel safe, and rejoice together.        <\/p>\n<p>&#8221; _builder_version=&#8221;4.27.5&#8243; _module_preset=&#8221;default&#8221; hover_enabled=&#8221;0&#8243; global_colors_info=&#8221;{}&#8221; parentOrderClass=&#8221;dsm_faq_0&#8243; sticky_enabled=&#8221;0&#8243;][\/dsm_faq_child][dsm_faq_child dsm_title=&#8221;Conflict management&#8221; dsm_content=&#8221;<\/p>\n<p>Historically, feminist movements have sought to organize themselves in a more horizontal and democratic manner, so as to limit power dynamics within their organizations. Many innovative tools and organizational structures have emerged since the 1970s, such as cooperative or participatory management, non-violent communication tools, or spaces that are intentionally non-mixed so as to be safe(r). These models aim to break with institutionalized hierarchies and thus counter traditional patriarchal structures. They seek to avoid reproducing oppressive systems, particularly in terms of traditional judicial-legal systems. Faced with situations of violence (gender, race, class), there is never a single answer. Within activist collectives, conflict management is widely discussed. Practices often draw on different approaches and intervention methods based on the underlying principle that groups are never stable and conflict is inevitable. Managing conflict in this manner also means recognizing that conflict can generate valuable change. It\u2019s possible to embrace the opportunity for growth and see what emerges from the conflict.     <\/p>\n<p>However, not all of the practices undertaken by activist groups can be immediately transposed to all professional settings. Indeed, when vertical working relationships are involved (i.e. with hierarchical roles), it\u2019s often more complex to resolve conflicts with collective and horizontal methods. There are collectives specialized in offering tools adapted to different contexts and conflicts. In the professional sphere there are also necessary procedures in place to protect workers from potential abuses of power. Responding to conflict within a group, workspace, or collective is therefore always complex. In the performing and visual arts, the process of examining conflict management, inventing spaces in which to respond to violence, sharing personal stories and histories, and reimagining the collective have all influenced artistic approaches. This also contributes to shifting our approaches to violence in the arts by questioning the ways in which it is depicted on stage or elsewhere.     <\/p>\n<p>&#8221; _builder_version=&#8221;4.27.5&#8243; _module_preset=&#8221;default&#8221; hover_enabled=&#8221;0&#8243; global_colors_info=&#8221;{}&#8221; parentOrderClass=&#8221;dsm_faq_0&#8243; sticky_enabled=&#8221;0&#8243;][\/dsm_faq_child][dsm_faq_child dsm_title=&#8221;Sharing knowledge and skills&#8221; dsm_content=&#8221;<\/p>\n<p>Building a collective enables the pooling of resources and tools, the creation of networks (of support, distribution, exchange) and the sharing of practices, both among peers and between pedagogues and students\/learners. The collective, in the broadest sense, invites us to recognize and accept that everyone possesses skills and knowledge, and that the roles of pedagogue and student\/learner can shift and even reverse. This also means rethinking teaching to be more horizontal, from peer to peer, rather than through a vertical relationship between one who possesses knowledge and one who does not. The importance of the collective and the choice of its members (including forms of intentionally non-mixed groups of women and\/or queer people) constitute not only a strategy for visibility, but also a way of avoiding having to carry out projects alone, thus offering a space of safety both artistically and on a personal level.    <\/p>\n<p>&#8221; _builder_version=&#8221;4.27.4&#8243; _module_preset=&#8221;default&#8221; global_colors_info=&#8221;{}&#8221; parentOrderClass=&#8221;dsm_faq_0&#8243;][\/dsm_faq_child][\/dsm_faq][\/et_pb_column][\/et_pb_row][et_pb_row _builder_version=&#8221;4.27.4&#8243; _module_preset=&#8221;_initial&#8221; custom_padding=&#8221;10px|0px|30px|0px|false|true&#8221; border_width_top=&#8221;1px&#8221; border_color_top=&#8221;gcid-217fe7b2-d406-422a-a274-c09920f66d09&#8243; global_colors_info=&#8221;{%22gcid-217fe7b2-d406-422a-a274-c09920f66d09%22:%91%22border_color_top%22%93}&#8221;][et_pb_column type=&#8221;4_4&#8243; _builder_version=&#8221;4.27.4&#8243; _module_preset=&#8221;default&#8221; global_colors_info=&#8221;{}&#8221;][et_pb_text _builder_version=&#8221;4.27.4&#8243; _module_preset=&#8221;default&#8221; header_2_font=&#8221;|700|||||||&#8221; header_2_font_size=&#8221;16px&#8221; global_colors_info=&#8221;{}&#8221;]<\/p>\n<h2>Resources<\/h2>\n<p>[\/et_pb_text][\/et_pb_column][\/et_pb_row][et_pb_row column_structure=&#8221;1_3,1_3,1_3&#8243; _builder_version=&#8221;4.27.4&#8243; _module_preset=&#8221;default&#8221; background_color=&#8221;gcid-469e3ecd-f875-47d6-b28f-2a998d4206ce&#8221; background_pattern_repeat_origin=&#8221;center&#8221; custom_margin=&#8221;||100px||false|false&#8221; custom_margin_tablet=&#8221;||70px||false|false&#8221; custom_margin_phone=&#8221;||70px||false|false&#8221; custom_margin_last_edited=&#8221;on|desktop&#8221; custom_padding=&#8221;50px|50px|30px|50px|false|true&#8221; custom_padding_tablet=&#8221;30px||30px||true|false&#8221; custom_padding_phone=&#8221;30px||30px||true|false&#8221; border_radii=&#8221;on|10px|10px|10px|10px&#8221; global_colors_info=&#8221;{%22gcid-469e3ecd-f875-47d6-b28f-2a998d4206ce%22:%91%22background_color%22%93}&#8221;][et_pb_column type=&#8221;1_3&#8243; _builder_version=&#8221;4.27.4&#8243; _module_preset=&#8221;default&#8221; global_colors_info=&#8221;{}&#8221;][et_pb_text _builder_version=&#8221;4.27.4&#8243; _module_preset=&#8221;default&#8221; global_colors_info=&#8221;{}&#8221;]<\/p>\n<ul>\n<li>HARNEY, S. et MOTEN, F. (2022), <em>Les sous-communs. Planification fugitive et \u00e9tude noire<\/em>, Les presses du r\u00e9el<\/li>\n<li>KUNST, B. (2015) <em>Artist at work. Proximity of art and Capitalism<\/em>, Zero Books<\/li>\n<li>PROVANSAL, M. (2022) <em>Artistes mais femmes. Une enqu\u00eate sociologique dans l&#8217;art contemporain<\/em>, ENS \u00c9ditions<\/li>\n<\/ul>\n<p>[\/et_pb_text][\/et_pb_column][et_pb_column type=&#8221;1_3&#8243; _builder_version=&#8221;4.27.4&#8243; _module_preset=&#8221;default&#8221; global_colors_info=&#8221;{}&#8221;][et_pb_text _builder_version=&#8221;4.27.4&#8243; _module_preset=&#8221;default&#8221; global_colors_info=&#8221;{}&#8221;]<\/p>\n<ul>\n<li>SCHULMAN, S (2021), <em>Le conflit n\u2019est pas une agression<\/em>, traduction fran\u00e7aise de Julie Bortin Zortea et Jos\u00e9phine Gross, \u00e9ditions B42.<\/li>\n<li>STARHAWK (2021), <em>Comment s\u2019organiser? Manuel pour l\u2019action collective<\/em>, Cambourakis<\/li>\n<li>BUTLER, J. (2016), <em>Pluralit\u00e9, performativit\u00e9 et politique<\/em>, Fayard.<\/li>\n<\/ul>\n<p>[\/et_pb_text][\/et_pb_column][et_pb_column type=&#8221;1_3&#8243; _builder_version=&#8221;4.27.4&#8243; _module_preset=&#8221;default&#8221; global_colors_info=&#8221;{}&#8221;][et_pb_text _builder_version=&#8221;4.27.4&#8243; _module_preset=&#8221;default&#8221; global_colors_info=&#8221;{}&#8221;]<\/p>\n<ul>\n<li>ZORTEA, J.B. et DRUL, L. (2022) <em>Aujourd&#8217;hui, on dit travailleur\u00b7euses de l\u2019art<\/em>, 369 \u00e9ditions<\/li>\n<li><a href=\"https:\/\/www.collectif-fracas.com\/\" target=\"_blank\" rel=\"noopener\">Collectif Fracas<\/a><\/li>\n<li><a href=\"https:\/\/www.continuite-revenus.fr\/%20\" target=\"_blank\" rel=\"noopener\">Continuit\u00e9 revenus<\/a><\/li>\n<li><a href=\"https:\/\/wfwa.ch\/en\" target=\"_blank\" rel=\"noopener\">Wages for wages against<\/a><\/li>\n<\/ul>\n<p>[\/et_pb_text][\/et_pb_column][\/et_pb_row][et_pb_row _builder_version=&#8221;4.27.4&#8243; _module_preset=&#8221;default&#8221; global_colors_info=&#8221;{}&#8221;][et_pb_column type=&#8221;4_4&#8243; _builder_version=&#8221;4.27.4&#8243; _module_preset=&#8221;default&#8221; global_colors_info=&#8221;{}&#8221;][et_pb_button button_url=&#8221;@ET-DC@eyJkeW5hbWljIjp0cnVlLCJjb250ZW50IjoicG9zdF9saW5rX3VybF9wYWdlIiwic2V0dGluZ3MiOnsicG9zdF9pZCI6IjQ5In19@&#8221; button_text=&#8221;back to the themes&#8221; button_alignment=&#8221;center&#8221; _builder_version=&#8221;4.27.4&#8243; _dynamic_attributes=&#8221;button_url&#8221; _module_preset=&#8221;default&#8221; button_bg_color=&#8221;gcid-a85c521b-81cc-43c2-8b4a-855eccd11052&#8243; global_colors_info=&#8221;{%22gcid-7a44a981-21ef-49b5-9516-d2766424169d%22:%91%22button_text_color%22,%22button_text_color%22%93,%22gcid-469e3ecd-f875-47d6-b28f-2a998d4206ce%22:%91%22button_bg_color__hover%22,%22button_bg_color__hover%22%93,%22gcid-a85c521b-81cc-43c2-8b4a-855eccd11052%22:%91%22button_bg_color%22%93}&#8221;][\/et_pb_button][\/et_pb_column][\/et_pb_row][\/et_pb_section]<\/p>\n","protected":false},"excerpt":{"rendered":"<p>Acting collectivelyThere is a need for evolution in our collaborative structures and frameworks, within our training \/ educational spaces, as well as within creation and production. It\u2019s imperative to rethink our existing systems so that they can become more inclusive and adapted to the diverse realities of the individuals they serve, while also focusing on group process, new ways of sharing roles and responsibilities, and new methodologies. Collective work encourages alignment with shared values, which must be chosen together and clearly identified in order to ensure the success and cohesion of a project, whether educational or artistic. This involves, for example, the creation of healthy and supportive learning environments for all students\/learners, where pedagogues also feel less isolated and enjoy greater recognition from their peers and the school\u2019s management. By creating supportive and welcoming groups, with a chosen set of people, artists, pedagogues, and students\/learners can grow and work in environments where they feel involved and valued. <div class=\"et_pb_with_border et_pb_module dsm_faq dsm_faq_0\">\n\t\t\t\t\n\t\t\t\t\n\t\t\t\t\n\t\t\t\t\n\t\t\t\t\n\t\t\t\t\n\t\t\t\t<div class=\"et_pb_module_inner\">\n\t\t\t\t\t<div class=\"dsm-faq-container dsm-front\" data-accordion=\"off\" data-open_first_item=\"off\">\n\t\t\t\t\n\t\t\t <\/div>\n\t\t\t \n\t\t\t\n\t\t\t\t<\/div>\n\t\t\t<\/div><div class=\"dsm_faq_child_0 dsm-faq-item-wrapper\">\n\t\t\t\t<div class=\"dsm-title-wrapper\">\n\t\t\t\t <div class=\"dsm-title-inner-wrapper\">\n\t\t\t\t   \n\t\t\t\t   \n\t\t\t\t   \n\t\t\t\t   \n\t\t\t\t   <h2 class=\"dsm-faq-title\">&#8221;Togethering&#8221;<\/h2>\n\t\t\t\t <\/div> \n\t\t\t\t <div class=\"dsm-faq-item-inner-wrapper\">\n\t\t\t\t   <div class=\"dsm_open_icon\"><span>K<\/span><\/div>\n\t\t\t\t   <div class=\"dsm_close_icon\"><span>L<\/span><\/div>\n\t\t\t\t   \n\t\t\t\t   \n\t\t\t\t <\/div>\n\t\t\t\t<\/div>\n\t\t\t\t<div class=\"dsm-faq-content\">&#8221;Thinking<\/div>\n\t\t\t <\/div>\n\t\t\t<\/p>\n","protected":false},"author":1,"featured_media":1907,"parent":1912,"menu_order":0,"comment_status":"closed","ping_status":"closed","template":"","meta":{"_seopress_robots_primary_cat":"","_seopress_titles_title":"","_seopress_titles_desc":"","_seopress_robots_index":"","_et_pb_use_builder":"on","_et_pb_old_content":"","_et_gb_content_width":"","footnotes":""},"class_list":["post-2381","page","type-page","status-publish","has-post-thumbnail","hentry"],"_links":{"self":[{"href":"https:\/\/reboot-transmissions.com\/en\/wp-json\/wp\/v2\/pages\/2381","targetHints":{"allow":["GET"]}}],"collection":[{"href":"https:\/\/reboot-transmissions.com\/en\/wp-json\/wp\/v2\/pages"}],"about":[{"href":"https:\/\/reboot-transmissions.com\/en\/wp-json\/wp\/v2\/types\/page"}],"author":[{"embeddable":true,"href":"https:\/\/reboot-transmissions.com\/en\/wp-json\/wp\/v2\/users\/1"}],"replies":[{"embeddable":true,"href":"https:\/\/reboot-transmissions.com\/en\/wp-json\/wp\/v2\/comments?post=2381"}],"version-history":[{"count":2,"href":"https:\/\/reboot-transmissions.com\/en\/wp-json\/wp\/v2\/pages\/2381\/revisions"}],"predecessor-version":[{"id":2383,"href":"https:\/\/reboot-transmissions.com\/en\/wp-json\/wp\/v2\/pages\/2381\/revisions\/2383"}],"up":[{"embeddable":true,"href":"https:\/\/reboot-transmissions.com\/en\/wp-json\/wp\/v2\/pages\/1912"}],"wp:featuredmedia":[{"embeddable":true,"href":"https:\/\/reboot-transmissions.com\/en\/wp-json\/wp\/v2\/media\/1907"}],"wp:attachment":[{"href":"https:\/\/reboot-transmissions.com\/en\/wp-json\/wp\/v2\/media?parent=2381"}],"curies":[{"name":"wp","href":"https:\/\/api.w.org\/{rel}","templated":true}]}}